{"id":36043,"date":"2019-03-30T04:40:11","date_gmt":"2019-03-30T03:40:11","guid":{"rendered":"https:\/\/www.exchange-data.com\/product\/acciones-en-circulacion-en-todo-el-mundo\/"},"modified":"2025-10-18T09:49:03","modified_gmt":"2025-10-18T08:49:03","slug":"acciones-en-circulacion-en-todo-el-mundo","status":"publish","type":"product","link":"https:\/\/www.exchange-data.com\/es\/producto\/acciones-en-circulacion-en-todo-el-mundo\/","title":{"rendered":"Acciones en Circulaci\u00f3n a Nivel Global"},"content":{"rendered":"<p><span style=\"font-weight: 400;\">El n\u00famero de acciones en circulaci\u00f3n, registrado en el balance bajo el ep\u00edgrafe \u201ccapital social\u201d, es fundamental para calcular m\u00e9tricas clave como: Capitalizaci\u00f3n burs\u00e1til, Beneficios por acci\u00f3n (BPA), Niveles de participaci\u00f3n accionarial requeridos por la normativa.<\/span><\/p>\n<p><span style=\"font-weight: 400;\">El servicio de EDI proporciona cifras actualizadas de m\u00e1s de 100 pa\u00edses, permitiendo a las empresas cumplir con los requisitos regulatorios y calcular con precisi\u00f3n sus niveles de tenencia de cartera.<\/span><\/p>\n<h2>El servicio se compone de dos conjuntos de datos complementarios:<\/h2>\n<ul>\n<li class=\"p1\"><strong>Acciones en circulaci\u00f3n oficiales<\/strong><\/li>\n<li class=\"p1\"><strong>Acciones en circulaci\u00f3n ajustadas diariamente<\/strong><\/li>\n<\/ul>\n<p>&nbsp;<\/p>\n<h3>Acciones en Circulaci\u00f3n Oficiales<\/h3>\n<p><span style=\"font-weight: 400;\">EDI recopila cifras directamente de bolsas y sitios corporativos oficiales, actualizando los datos tan pronto como est\u00e1n disponibles. La frecuencia de actualizaci\u00f3n var\u00eda seg\u00fan el mercado: diaria, mensual, trimestral o anual. <\/span><\/p>\n<h4>Acciones en Circulaci\u00f3n Ajustadas Diariamente<\/h4>\n<p><span style=\"font-weight: 400;\">Dado que las acciones corporativas pueden modificar el n\u00famero de acciones entre actualizaciones oficiales.<\/span><\/p>\n<h5>EDI ofrece cifras ajustadas que reflejan eventos como:<\/h5>\n<div style=\"float: left; width: 33%;\">\n<ul>\n<li><span style=\"font-weight: 400;\">Bonificaciones<\/span><\/li>\n<li><span style=\"font-weight: 400;\">Derechos de bonificaci\u00f3n<\/span><\/li>\n<li><span style=\"font-weight: 400;\">Recompra<\/span><\/li>\n<li><span style=\"font-weight: 400;\">Reducci\u00f3n de capital<\/span><\/li>\n<\/ul>\n<\/div>\n<div style=\"float: left; width: 33%;\">\n<ul class=\"Evnt2 \">\n<li><span style=\"font-weight: 400;\">Consolidaciones<\/span><\/li>\n<li><span style=\"font-weight: 400;\">Conversi\u00f3nes<\/span><\/li>\n<li><span style=\"font-weight: 400;\">Escisiones<\/span><\/li>\n<li><span style=\"font-weight: 400;\">Desinversi\u00f3nes<\/span><\/li>\n<\/ul>\n<\/div>\n<div style=\"float: right; width: 33%;\">\n<ul class=\"Evnt2 \">\n<li><span style=\"font-weight: 400;\">Derechos preferentes<\/span><\/li>\n<li><span style=\"font-weight: 400;\">Amortizaciones<\/span><\/li>\n<li><span style=\"font-weight: 400;\">Derechos preferentes<\/span><\/li>\n<li><span style=\"font-weight: 400;\">Subdivisiones de acciones<\/span><\/li>\n<\/ul>\n<\/div>\n","protected":false},"featured_media":34154,"template":"","country":[2368,1985,2108,2081,1936,2035,2188,2013,1933,2106,2031,2087,2112,2113,2021,2022,1971,1897,2016,2017,2184,2362,1997,1991,1992,2027,1882,2039,1951,1952,1919,2144,2283,2025,2026,1896,1927,1928,2103,2086,2003,1964,1862,2036,1981,1982,1983,2057,1999,2085,1916,1917,2046,1961,2023,1923,1980,1957,1958,1868,1885,2079,2372,1883,1884,2074,1908,1912,1978,1972,1977,2052,2373,1942,2044,2045,1904,1905,2377,2114,2020,2028,1956,2005,2187,2070,1949,2072,2176,2258,2069,2018,2136,2137,1858,1879,1880,2012,1975,2065,2094,1860,1968,1993,2364,2365,1994,1861,2010,2002,2096,2097,2371,2100,1925,1926,1955,2062,2056,1855,1854,1988,2090,2091,1909,2007,1935,1973,1974,1863,1875,2222,2064,1876,1959,1960,2078,2077,2058,1996,2049,2000,1866,1970,1954,2092,2093,1965,1966,1891,1889,1890,1920,1921,1871,1872,1940,1870,2204,1878,1877,2147,2148,1852,1853,2149,2150,2084,1930,2076,2009,2098,1864,2014,2015,2059,2115,2001,2109,1979,2073,2011,1987,1913,1886,1934,2107,2040,2041,2019,1932,1856,2200,2037,2038,2024,1900,2066,1888,1939,1857,2008,1901,1922,2050,2051,2053,2054,1892,1893,2343,2048,2071,1915,1914,2060,2004,2075,1894,1895,1943,1989,1963,2145,1929,2186,1962,2374,1873,1874,1881,2029,2030,2361,1931,2363,1924,2104,2105,1995,2102,1865,2006,1950,1869,1948,2366,1867,2331,2088,1941,2068,2089,2124,2125,1986,1918,1907,1903,1902,2095,1911,2370,2101,2063,2067,2047,1910,1984,2043,2042,1990,2083,2082,2055,2033,2034,1898,1899,1976,1969,1887,2180,2152,2369,2185,1998,2032,1967,2061,1859,2099,2080,1953,2367,1946,1947],"product_category":[3182,3178],"class_list":["post-36043","product","type-product","status-publish","has-post-thumbnail","hentry","product_category-acciones-corporativas","product_category-productos-y-servicios"],"acf":[],"yoast_head":"<!-- This site is optimized with the Yoast SEO Premium plugin v26.0 (Yoast SEO v26.0) - https:\/\/yoast.com\/wordpress\/plugins\/seo\/ -->\n<title>Worldwide Acciones en Circulaci\u00f3n Data | Up-to-Date Shares Outstanding Figures<\/title>\n<meta name=\"description\" content=\"Access accurate acciones en circulaci\u00f3n data from over 100 countries. Track official and adjusted figures for regulatory reporting and market capitalization analysis.\" \/>\n<meta name=\"robots\" content=\"index, follow, max-snippet:-1, max-image-preview:large, max-video-preview:-1\" \/>\n<link rel=\"canonical\" href=\"https:\/\/www.exchange-data.com\/es\/producto\/acciones-en-circulacion-en-todo-el-mundo\/\" \/>\n<meta property=\"og:locale\" content=\"es_ES\" \/>\n<meta property=\"og:type\" content=\"article\" \/>\n<meta property=\"og:title\" content=\"Acciones en circulaci\u00f3n en todo el mundo\" \/>\n<meta property=\"og:description\" content=\"El n\u00famero de acciones en circulaci\u00f3n, que figura en el balance de la empresa bajo el ep\u00edgrafe &quot;capital social&quot;, se utiliza para calcular par\u00e1metros clave como las cifras de capitalizaci\u00f3n burs\u00e1til, los beneficios por acci\u00f3n (BPA) y las participaciones accionariales para los niveles de informaci\u00f3n reglamentarios. El servicio &quot;Worldwide Shares Outstanding&quot; de EDI comprende dos conjuntos de datos: &quot;Official Shares Outstanding&quot; y &quot;Daily-Adjusted Shares Outstanding&quot;. El servicio &quot;Worldwide Shares Outstanding&quot; proporciona cifras actualizadas de m\u00e1s de 100 pa\u00edses de todo el mundo, lo que permite a las empresas calcular eficazmente las cifras para cumplir la normativa burs\u00e1til o los niveles de tenencia de cartera.\" \/>\n<meta property=\"og:url\" content=\"https:\/\/www.exchange-data.com\/es\/producto\/acciones-en-circulacion-en-todo-el-mundo\/\" \/>\n<meta property=\"og:site_name\" content=\"Exchange Data International\" \/>\n<meta property=\"article:modified_time\" content=\"2025-10-18T08:49:03+00:00\" \/>\n<meta property=\"og:image\" content=\"https:\/\/www.exchange-data.com\/wp-content\/uploads\/2015\/09\/EDI-Post-Featured-Image-700x400-1.png\" \/>\n<meta name=\"twitter:card\" content=\"summary_large_image\" \/>\n<meta name=\"twitter:title\" content=\"Acciones en circulaci\u00f3n en todo el mundo\" \/>\n<meta name=\"twitter:description\" content=\"El n\u00famero de acciones en circulaci\u00f3n, que figura en el balance de la empresa bajo el ep\u00edgrafe &quot;capital social&quot;, se utiliza para calcular par\u00e1metros clave como las cifras de capitalizaci\u00f3n burs\u00e1til, los beneficios por acci\u00f3n (BPA) y las participaciones accionariales para los niveles de informaci\u00f3n reglamentarios. El servicio &quot;Worldwide Shares Outstanding&quot; de EDI comprende dos conjuntos de datos: &quot;Official Shares Outstanding&quot; y &quot;Daily-Adjusted Shares Outstanding&quot;. El servicio &quot;Worldwide Shares Outstanding&quot; proporciona cifras actualizadas de m\u00e1s de 100 pa\u00edses de todo el mundo, lo que permite a las empresas calcular eficazmente las cifras para cumplir la normativa burs\u00e1til o los niveles de tenencia de cartera.\" \/>\n<meta name=\"twitter:image\" content=\"https:\/\/www.exchange-data.com\/wp-content\/uploads\/2015\/09\/EDI-Post-Featured-Image-700x400-1.png\" \/>\n<meta name=\"twitter:site\" content=\"@ExchangeData\" \/>\n<meta name=\"twitter:label1\" content=\"Tiempo de lectura\" \/>\n\t<meta name=\"twitter:data1\" content=\"1 minuto\" \/>\n<script type=\"application\/ld+json\" class=\"yoast-schema-graph\">{\"@context\":\"https:\/\/schema.org\",\"@graph\":[{\"@type\":\"WebPage\",\"@id\":\"https:\/\/www.exchange-data.com\/es\/producto\/acciones-en-circulacion-en-todo-el-mundo\/\",\"url\":\"https:\/\/www.exchange-data.com\/es\/producto\/acciones-en-circulacion-en-todo-el-mundo\/\",\"name\":\"Worldwide Acciones en Circulaci\u00f3n Data | Up-to-Date Shares Outstanding Figures\",\"isPartOf\":{\"@id\":\"https:\/\/www.exchange-data.com\/es\/#website\"},\"primaryImageOfPage\":{\"@id\":\"https:\/\/www.exchange-data.com\/es\/producto\/acciones-en-circulacion-en-todo-el-mundo\/#primaryimage\"},\"image\":{\"@id\":\"https:\/\/www.exchange-data.com\/es\/producto\/acciones-en-circulacion-en-todo-el-mundo\/#primaryimage\"},\"thumbnailUrl\":\"https:\/\/www.exchange-data.com\/wp-content\/uploads\/2015\/09\/EDI-Post-Featured-Image-700x400-1.png\",\"datePublished\":\"2019-03-30T03:40:11+00:00\",\"dateModified\":\"2025-10-18T08:49:03+00:00\",\"description\":\"Access accurate acciones en circulaci\u00f3n data from over 100 countries. Track official and adjusted figures for regulatory reporting and market capitalization analysis.\",\"breadcrumb\":{\"@id\":\"https:\/\/www.exchange-data.com\/es\/producto\/acciones-en-circulacion-en-todo-el-mundo\/#breadcrumb\"},\"inLanguage\":\"es\",\"potentialAction\":[{\"@type\":\"ReadAction\",\"target\":[\"https:\/\/www.exchange-data.com\/es\/producto\/acciones-en-circulacion-en-todo-el-mundo\/\"]}]},{\"@type\":\"ImageObject\",\"inLanguage\":\"es\",\"@id\":\"https:\/\/www.exchange-data.com\/es\/producto\/acciones-en-circulacion-en-todo-el-mundo\/#primaryimage\",\"url\":\"https:\/\/www.exchange-data.com\/wp-content\/uploads\/2015\/09\/EDI-Post-Featured-Image-700x400-1.png\",\"contentUrl\":\"https:\/\/www.exchange-data.com\/wp-content\/uploads\/2015\/09\/EDI-Post-Featured-Image-700x400-1.png\",\"width\":700,\"height\":400,\"caption\":\"Exchange Data International\"},{\"@type\":\"BreadcrumbList\",\"@id\":\"https:\/\/www.exchange-data.com\/es\/producto\/acciones-en-circulacion-en-todo-el-mundo\/#breadcrumb\",\"itemListElement\":[{\"@type\":\"ListItem\",\"position\":1,\"name\":\"Home\",\"item\":\"https:\/\/www.exchange-data.com\/es\/inicio\/\"},{\"@type\":\"ListItem\",\"position\":2,\"name\":\"Acciones en Circulaci\u00f3n a Nivel Global\"}]},{\"@type\":\"WebSite\",\"@id\":\"https:\/\/www.exchange-data.com\/es\/#website\",\"url\":\"https:\/\/www.exchange-data.com\/es\/\",\"name\":\"Exchange Data International\",\"description\":\"Doing data differently\",\"publisher\":{\"@id\":\"https:\/\/www.exchange-data.com\/es\/#organization\"},\"potentialAction\":[{\"@type\":\"SearchAction\",\"target\":{\"@type\":\"EntryPoint\",\"urlTemplate\":\"https:\/\/www.exchange-data.com\/es\/?s={search_term_string}\"},\"query-input\":{\"@type\":\"PropertyValueSpecification\",\"valueRequired\":true,\"valueName\":\"search_term_string\"}}],\"inLanguage\":\"es\"},{\"@type\":\"Organization\",\"@id\":\"https:\/\/www.exchange-data.com\/es\/#organization\",\"name\":\"Exchange Data International\",\"url\":\"https:\/\/www.exchange-data.com\/es\/\",\"logo\":{\"@type\":\"ImageObject\",\"inLanguage\":\"es\",\"@id\":\"https:\/\/www.exchange-data.com\/es\/#\/schema\/logo\/image\/\",\"url\":\"https:\/\/www.exchange-data.com\/wp-content\/uploads\/2019\/03\/logo3.png\",\"contentUrl\":\"https:\/\/www.exchange-data.com\/wp-content\/uploads\/2019\/03\/logo3.png\",\"width\":200,\"height\":80,\"caption\":\"Exchange Data International\"},\"image\":{\"@id\":\"https:\/\/www.exchange-data.com\/es\/#\/schema\/logo\/image\/\"},\"sameAs\":[\"https:\/\/x.com\/ExchangeData\",\"https:\/\/www.linkedin.com\/company\/exchange-data-international\/?viewAsMember=true\",\"https:\/\/www.youtube.com\/channel\/UC5D1OpUb22YZANRLD_Ktcgg?view_as=subscriber\"]}]}<\/script>\n<!-- \/ Yoast SEO Premium plugin. -->","yoast_head_json":{"title":"Worldwide Acciones en Circulaci\u00f3n Data | Up-to-Date Shares Outstanding Figures","description":"Access accurate acciones en circulaci\u00f3n data from over 100 countries. Track official and adjusted figures for regulatory reporting and market capitalization analysis.","robots":{"index":"index","follow":"follow","max-snippet":"max-snippet:-1","max-image-preview":"max-image-preview:large","max-video-preview":"max-video-preview:-1"},"canonical":"https:\/\/www.exchange-data.com\/es\/producto\/acciones-en-circulacion-en-todo-el-mundo\/","og_locale":"es_ES","og_type":"article","og_title":"Acciones en circulaci\u00f3n en todo el mundo","og_description":"El n\u00famero de acciones en circulaci\u00f3n, que figura en el balance de la empresa bajo el ep\u00edgrafe \"capital social\", se utiliza para calcular par\u00e1metros clave como las cifras de capitalizaci\u00f3n burs\u00e1til, los beneficios por acci\u00f3n (BPA) y las participaciones accionariales para los niveles de informaci\u00f3n reglamentarios. El servicio \"Worldwide Shares Outstanding\" de EDI comprende dos conjuntos de datos: \"Official Shares Outstanding\" y \"Daily-Adjusted Shares Outstanding\". El servicio \"Worldwide Shares Outstanding\" proporciona cifras actualizadas de m\u00e1s de 100 pa\u00edses de todo el mundo, lo que permite a las empresas calcular eficazmente las cifras para cumplir la normativa burs\u00e1til o los niveles de tenencia de cartera.","og_url":"https:\/\/www.exchange-data.com\/es\/producto\/acciones-en-circulacion-en-todo-el-mundo\/","og_site_name":"Exchange Data International","article_modified_time":"2025-10-18T08:49:03+00:00","og_image":[{"url":"https:\/\/www.exchange-data.com\/wp-content\/uploads\/2015\/09\/EDI-Post-Featured-Image-700x400-1.png","type":"","width":"","height":""}],"twitter_card":"summary_large_image","twitter_title":"Acciones en circulaci\u00f3n en todo el mundo","twitter_description":"El n\u00famero de acciones en circulaci\u00f3n, que figura en el balance de la empresa bajo el ep\u00edgrafe \"capital social\", se utiliza para calcular par\u00e1metros clave como las cifras de capitalizaci\u00f3n burs\u00e1til, los beneficios por acci\u00f3n (BPA) y las participaciones accionariales para los niveles de informaci\u00f3n reglamentarios. El servicio \"Worldwide Shares Outstanding\" de EDI comprende dos conjuntos de datos: \"Official Shares Outstanding\" y \"Daily-Adjusted Shares Outstanding\". El servicio \"Worldwide Shares Outstanding\" proporciona cifras actualizadas de m\u00e1s de 100 pa\u00edses de todo el mundo, lo que permite a las empresas calcular eficazmente las cifras para cumplir la normativa burs\u00e1til o los niveles de tenencia de cartera.","twitter_image":"https:\/\/www.exchange-data.com\/wp-content\/uploads\/2015\/09\/EDI-Post-Featured-Image-700x400-1.png","twitter_site":"@ExchangeData","twitter_misc":{"Tiempo de lectura":"1 minuto"},"schema":{"@context":"https:\/\/schema.org","@graph":[{"@type":"WebPage","@id":"https:\/\/www.exchange-data.com\/es\/producto\/acciones-en-circulacion-en-todo-el-mundo\/","url":"https:\/\/www.exchange-data.com\/es\/producto\/acciones-en-circulacion-en-todo-el-mundo\/","name":"Worldwide Acciones en Circulaci\u00f3n Data | Up-to-Date Shares Outstanding Figures","isPartOf":{"@id":"https:\/\/www.exchange-data.com\/es\/#website"},"primaryImageOfPage":{"@id":"https:\/\/www.exchange-data.com\/es\/producto\/acciones-en-circulacion-en-todo-el-mundo\/#primaryimage"},"image":{"@id":"https:\/\/www.exchange-data.com\/es\/producto\/acciones-en-circulacion-en-todo-el-mundo\/#primaryimage"},"thumbnailUrl":"https:\/\/www.exchange-data.com\/wp-content\/uploads\/2015\/09\/EDI-Post-Featured-Image-700x400-1.png","datePublished":"2019-03-30T03:40:11+00:00","dateModified":"2025-10-18T08:49:03+00:00","description":"Access accurate acciones en circulaci\u00f3n data from over 100 countries. Track official and adjusted figures for regulatory reporting and market capitalization analysis.","breadcrumb":{"@id":"https:\/\/www.exchange-data.com\/es\/producto\/acciones-en-circulacion-en-todo-el-mundo\/#breadcrumb"},"inLanguage":"es","potentialAction":[{"@type":"ReadAction","target":["https:\/\/www.exchange-data.com\/es\/producto\/acciones-en-circulacion-en-todo-el-mundo\/"]}]},{"@type":"ImageObject","inLanguage":"es","@id":"https:\/\/www.exchange-data.com\/es\/producto\/acciones-en-circulacion-en-todo-el-mundo\/#primaryimage","url":"https:\/\/www.exchange-data.com\/wp-content\/uploads\/2015\/09\/EDI-Post-Featured-Image-700x400-1.png","contentUrl":"https:\/\/www.exchange-data.com\/wp-content\/uploads\/2015\/09\/EDI-Post-Featured-Image-700x400-1.png","width":700,"height":400,"caption":"Exchange Data International"},{"@type":"BreadcrumbList","@id":"https:\/\/www.exchange-data.com\/es\/producto\/acciones-en-circulacion-en-todo-el-mundo\/#breadcrumb","itemListElement":[{"@type":"ListItem","position":1,"name":"Home","item":"https:\/\/www.exchange-data.com\/es\/inicio\/"},{"@type":"ListItem","position":2,"name":"Acciones en Circulaci\u00f3n a Nivel Global"}]},{"@type":"WebSite","@id":"https:\/\/www.exchange-data.com\/es\/#website","url":"https:\/\/www.exchange-data.com\/es\/","name":"Exchange Data International","description":"Doing data differently","publisher":{"@id":"https:\/\/www.exchange-data.com\/es\/#organization"},"potentialAction":[{"@type":"SearchAction","target":{"@type":"EntryPoint","urlTemplate":"https:\/\/www.exchange-data.com\/es\/?s={search_term_string}"},"query-input":{"@type":"PropertyValueSpecification","valueRequired":true,"valueName":"search_term_string"}}],"inLanguage":"es"},{"@type":"Organization","@id":"https:\/\/www.exchange-data.com\/es\/#organization","name":"Exchange Data International","url":"https:\/\/www.exchange-data.com\/es\/","logo":{"@type":"ImageObject","inLanguage":"es","@id":"https:\/\/www.exchange-data.com\/es\/#\/schema\/logo\/image\/","url":"https:\/\/www.exchange-data.com\/wp-content\/uploads\/2019\/03\/logo3.png","contentUrl":"https:\/\/www.exchange-data.com\/wp-content\/uploads\/2019\/03\/logo3.png","width":200,"height":80,"caption":"Exchange Data International"},"image":{"@id":"https:\/\/www.exchange-data.com\/es\/#\/schema\/logo\/image\/"},"sameAs":["https:\/\/x.com\/ExchangeData","https:\/\/www.linkedin.com\/company\/exchange-data-international\/?viewAsMember=true","https:\/\/www.youtube.com\/channel\/UC5D1OpUb22YZANRLD_Ktcgg?view_as=subscriber"]}]}},"_links":{"self":[{"href":"https:\/\/www.exchange-data.com\/es\/wp-json\/wp\/v2\/product\/36043","targetHints":{"allow":["GET"]}}],"collection":[{"href":"https:\/\/www.exchange-data.com\/es\/wp-json\/wp\/v2\/product"}],"about":[{"href":"https:\/\/www.exchange-data.com\/es\/wp-json\/wp\/v2\/types\/product"}],"wp:featuredmedia":[{"embeddable":true,"href":"https:\/\/www.exchange-data.com\/es\/wp-json\/wp\/v2\/media\/34154"}],"wp:attachment":[{"href":"https:\/\/www.exchange-data.com\/es\/wp-json\/wp\/v2\/media?parent=36043"}],"wp:term":[{"taxonomy":"country","embeddable":true,"href":"https:\/\/www.exchange-data.com\/es\/wp-json\/wp\/v2\/country?post=36043"},{"taxonomy":"product_category","embeddable":true,"href":"https:\/\/www.exchange-data.com\/es\/wp-json\/wp\/v2\/product_category?post=36043"}],"curies":[{"name":"wp","href":"https:\/\/api.w.org\/{rel}","templated":true}]}}