{"id":36632,"date":"2025-07-09T11:48:09","date_gmt":"2025-07-09T10:48:09","guid":{"rendered":"https:\/\/www.exchange-data.com\/product\/datos-economicos-fiables-de-ee-uu-y-globales\/"},"modified":"2025-10-03T10:20:21","modified_gmt":"2025-10-03T09:20:21","slug":"datos-economicos-fiables-de-ee-uu-y-globales","status":"publish","type":"product","link":"https:\/\/www.exchange-data.com\/es\/producto\/datos-economicos-fiables-de-ee-uu-y-globales\/","title":{"rendered":"Datos Econ\u00f3micos Fiables de EE. UU. y Globales"},"content":{"rendered":"<p><span style=\"font-weight: 400;\">Este servicio respalda a profesionales financieros, inversores e instituciones con informaci\u00f3n econ\u00f3mica precisa y actualizada para una toma de decisiones informada. <\/span><br \/>\n<small><small><small><\/small><\/small><\/small><\/p>\n<h2>Datos Econ\u00f3micos de EE. UU.<\/h2>\n<p><span style=\"font-weight: 400;\">Cobertura puntual y exhaustiva de los principales eventos del mercado estadounidense, incluyendo:<\/span><\/p>\n<ul>\n<li><span style=\"font-weight: 400;\"><strong>Indicadores Macroecon\u00f3micos <\/strong>\u2013 PIB, inflaci\u00f3n, empleo, ventas minoristas, confianza del consumidor y m\u00e1s.<\/span><\/li>\n<li><span style=\"font-weight: 400;\"><strong>Anuncios del Tesoro de EE. UU.<\/strong> \u2013 Subastas, liquidaciones y actualizaciones de rendimientos.<\/span><\/li>\n<li><span style=\"font-weight: 400;\"><strong>Perspectivas de Pol\u00edtica y Mercado <\/strong>\u2013 Discursos de representantes de la Reserva Federal que contextualizan la evoluci\u00f3n econ\u00f3mica.<\/span><\/li>\n<li><span style=\"font-weight: 400;\"><strong>Investigaci\u00f3n Diaria y An\u00e1lisis de Mercado <\/strong>\u2013 Incluye Market Focus y Market Reflections para apoyar estrategias de inversi\u00f3n y trading.<\/span><\/li>\n<\/ul>\n<p><span style=\"font-weight: 400;\">El conjunto de datos incluye cifras anteriores, revisiones, consenso del mercado y resultados oficiales publicados<\/span><\/p>\n<p>&nbsp;<\/p>\n<h2><small><small><small>Datos Econ\u00f3micos Globales<\/small><\/small><\/small><\/h2>\n<p><span style=\"font-weight: 400;\">Cobertura amplia de los principales mercados financieros a nivel internacional.<\/span><\/p>\n<p><strong> Cobertura por Pa\u00eds <\/strong><br \/>\n<span style=\"font-weight: 400;\">Australia, Canad\u00e1, China, Eurozona, Francia, Alemania, Hong Kong, India, Italia, Jap\u00f3n, Nueva Zelanda, Singapur, Corea del Sur, Suiza, Taiw\u00e1n, Reino Unido y Estados Unidos.<\/span><\/p>\n<h3>Cobertura de Eventos Clave<\/h3>\n<ul>\n<li><span style=\"font-weight: 400;\"><strong>Anuncios de Bancos Centrales <\/strong>\u2013 Actas de reuniones e informes trimestrales<\/span><\/li>\n<li><span style=\"font-weight: 400;\"><strong>Seguimiento de Eventos <\/strong>\u2013 Cobertura extendida, incluyendo fines de semana<\/span><\/li>\n<li><span style=\"font-weight: 400;\"><strong>Investigaci\u00f3n Econ\u00f3mica<\/strong> \u2013 Enfoque diario del mercado estadounidense y reflexiones de mercado.<\/span><\/li>\n<li><span style=\"font-weight: 400;\"><strong>Indicadores Econ\u00f3micos<\/strong> <\/span><\/li>\n<\/ul>\n<p><span style=\"font-weight: 400;\">Cifras anteriores, revisiones, consenso y resultados publicados, con descripciones detalladas sobre el impacto de cada indicador. <\/span><\/p>\n<p><span style=\"font-weight: 400;\">Las opciones de calendario permiten visualizar la informaci\u00f3n por d\u00eda, semana o mes, con zonas horarias ajustables seg\u00fan el usuario.<\/span><\/p>\n<h2><small><small><small>Servicios Premium de Datos Econ\u00f3micos<\/small><\/small><\/small><\/h2>\n<p><span style=\"font-weight: 400;\">Para clientes que requieren una visi\u00f3n m\u00e1s profunda del mercado, an\u00e1lisis experto y visualizaciones interactivas, los Servicios Premium incluyen:<\/span><\/p>\n<h3>Datos Econ\u00f3micos Premium de EE. UU.<\/h3>\n<p><span style=\"font-weight: 400;\">Incluye todos los datos b\u00e1sicos, m\u00e1s:<\/span><\/p>\n<ul>\n<li><span style=\"font-weight: 400;\"> Aspectos destacados de eventos con an\u00e1lisis econ\u00f3mico orientado al mercado<\/span><\/li>\n<li><span style=\"font-weight: 400;\"> Resumen del consenso con informes semanales sobre impactos potenciales<\/span><\/li>\n<li><span style=\"font-weight: 400;\"> Gr\u00e1ficos interactivos y visualizaci\u00f3n de tendencias.<\/span><\/li>\n<li><span style=\"font-weight: 400;\"> Alertas de noticias e informes especiales en tiempo real.<\/span><\/li>\n<\/ul>\n<h3>Datos Econ\u00f3micos Premium Globales<\/h3>\n<p><span style=\"font-weight: 400;\">Incluye todos los datos b\u00e1sicos globales, m\u00e1s:<\/span><\/p>\n<ul>\n<li><span style=\"font-weight: 400;\"> An\u00e1lisis experto de eventos con enfoque en impacto de mercado.<\/span><\/li>\n<li><span style=\"font-weight: 400;\"> Visualizaci\u00f3n de datos hist\u00f3ricos con gr\u00e1ficos interactivo.<\/span><\/li>\n<li><span style=\"font-weight: 400;\">Informes especiales y alertas sobre acontecimientos relevantes (Brexit, cierres gubernamentales, crisis financieras<\/span><\/li>\n<\/ul>\n<h2><small><small><small>Integraci\u00f3n y Personalizaci\u00f3n de Datos<\/small><\/small><\/small><\/h2>\n<ul>\n<li><span style=\"font-weight: 400;\"> M\u00e1s de 300 indicadores econ\u00f3micos disponibles<\/span><\/li>\n<li><span style=\"font-weight: 400;\"> Integraci\u00f3n fluida en plataformas y sitios web financiero<\/span><\/li>\n<li><span style=\"font-weight: 400;\">Soporte multiling\u00fce y servicio de traducci\u00f3n bajo solicitud<\/span><\/li>\n<\/ul>\n","protected":false},"featured_media":0,"template":"","country":[],"product_category":[3185],"class_list":["post-36632","product","type-product","status-publish","hentry","product_category-datos-economicos","no-post-thumbnail"],"acf":[],"yoast_head":"<!-- This site is optimized with the Yoast SEO Premium plugin v26.0 (Yoast SEO v26.0) - https:\/\/yoast.com\/wordpress\/plugins\/seo\/ -->\n<title>Datos Econ\u00f3micos Fiables de EE. UU. y Globales | Exchange Data International<\/title>\n<meta name=\"robots\" content=\"index, follow, max-snippet:-1, max-image-preview:large, max-video-preview:-1\" \/>\n<link rel=\"canonical\" href=\"https:\/\/www.exchange-data.com\/es\/producto\/datos-economicos-fiables-de-ee-uu-y-globales\/\" \/>\n<meta property=\"og:locale\" content=\"es_ES\" \/>\n<meta property=\"og:type\" content=\"article\" \/>\n<meta property=\"og:title\" content=\"Datos Econ\u00f3micos Fiables de EE. UU. y Globales | Exchange Data International\" \/>\n<meta property=\"og:description\" content=\"Este servicio respalda a profesionales financieros, inversores e instituciones con informaci\u00f3n econ\u00f3mica precisa y actualizada para una toma de decisiones informada. Datos Econ\u00f3micos de EE. UU. Cobertura puntual y exhaustiva de los\" \/>\n<meta property=\"og:url\" content=\"https:\/\/www.exchange-data.com\/es\/producto\/datos-economicos-fiables-de-ee-uu-y-globales\/\" \/>\n<meta property=\"og:site_name\" content=\"Exchange Data International\" \/>\n<meta property=\"article:modified_time\" content=\"2025-10-03T09:20:21+00:00\" \/>\n<meta name=\"twitter:card\" content=\"summary_large_image\" \/>\n<meta name=\"twitter:site\" content=\"@ExchangeData\" \/>\n<meta name=\"twitter:label1\" content=\"Tiempo de lectura\" \/>\n\t<meta name=\"twitter:data1\" content=\"2 minutos\" \/>\n<script type=\"application\/ld+json\" class=\"yoast-schema-graph\">{\"@context\":\"https:\/\/schema.org\",\"@graph\":[{\"@type\":\"WebPage\",\"@id\":\"https:\/\/www.exchange-data.com\/es\/producto\/datos-economicos-fiables-de-ee-uu-y-globales\/\",\"url\":\"https:\/\/www.exchange-data.com\/es\/producto\/datos-economicos-fiables-de-ee-uu-y-globales\/\",\"name\":\"Datos Econ\u00f3micos Fiables de EE. UU. y Globales | Exchange Data International\",\"isPartOf\":{\"@id\":\"https:\/\/www.exchange-data.com\/es\/#website\"},\"datePublished\":\"2025-07-09T10:48:09+00:00\",\"dateModified\":\"2025-10-03T09:20:21+00:00\",\"breadcrumb\":{\"@id\":\"https:\/\/www.exchange-data.com\/es\/producto\/datos-economicos-fiables-de-ee-uu-y-globales\/#breadcrumb\"},\"inLanguage\":\"es\",\"potentialAction\":[{\"@type\":\"ReadAction\",\"target\":[\"https:\/\/www.exchange-data.com\/es\/producto\/datos-economicos-fiables-de-ee-uu-y-globales\/\"]}]},{\"@type\":\"BreadcrumbList\",\"@id\":\"https:\/\/www.exchange-data.com\/es\/producto\/datos-economicos-fiables-de-ee-uu-y-globales\/#breadcrumb\",\"itemListElement\":[{\"@type\":\"ListItem\",\"position\":1,\"name\":\"Home\",\"item\":\"https:\/\/www.exchange-data.com\/es\/inicio\/\"},{\"@type\":\"ListItem\",\"position\":2,\"name\":\"Datos Econ\u00f3micos Fiables de EE. UU. y Globales\"}]},{\"@type\":\"WebSite\",\"@id\":\"https:\/\/www.exchange-data.com\/es\/#website\",\"url\":\"https:\/\/www.exchange-data.com\/es\/\",\"name\":\"Exchange Data International\",\"description\":\"Doing data differently\",\"publisher\":{\"@id\":\"https:\/\/www.exchange-data.com\/es\/#organization\"},\"potentialAction\":[{\"@type\":\"SearchAction\",\"target\":{\"@type\":\"EntryPoint\",\"urlTemplate\":\"https:\/\/www.exchange-data.com\/es\/?s={search_term_string}\"},\"query-input\":{\"@type\":\"PropertyValueSpecification\",\"valueRequired\":true,\"valueName\":\"search_term_string\"}}],\"inLanguage\":\"es\"},{\"@type\":\"Organization\",\"@id\":\"https:\/\/www.exchange-data.com\/es\/#organization\",\"name\":\"Exchange Data International\",\"url\":\"https:\/\/www.exchange-data.com\/es\/\",\"logo\":{\"@type\":\"ImageObject\",\"inLanguage\":\"es\",\"@id\":\"https:\/\/www.exchange-data.com\/es\/#\/schema\/logo\/image\/\",\"url\":\"https:\/\/www.exchange-data.com\/wp-content\/uploads\/2019\/03\/logo3.png\",\"contentUrl\":\"https:\/\/www.exchange-data.com\/wp-content\/uploads\/2019\/03\/logo3.png\",\"width\":200,\"height\":80,\"caption\":\"Exchange Data International\"},\"image\":{\"@id\":\"https:\/\/www.exchange-data.com\/es\/#\/schema\/logo\/image\/\"},\"sameAs\":[\"https:\/\/x.com\/ExchangeData\",\"https:\/\/www.linkedin.com\/company\/exchange-data-international\/?viewAsMember=true\",\"https:\/\/www.youtube.com\/channel\/UC5D1OpUb22YZANRLD_Ktcgg?view_as=subscriber\"]}]}<\/script>\n<!-- \/ Yoast SEO Premium plugin. -->","yoast_head_json":{"title":"Datos Econ\u00f3micos Fiables de EE. UU. y Globales | Exchange Data International","robots":{"index":"index","follow":"follow","max-snippet":"max-snippet:-1","max-image-preview":"max-image-preview:large","max-video-preview":"max-video-preview:-1"},"canonical":"https:\/\/www.exchange-data.com\/es\/producto\/datos-economicos-fiables-de-ee-uu-y-globales\/","og_locale":"es_ES","og_type":"article","og_title":"Datos Econ\u00f3micos Fiables de EE. UU. y Globales | Exchange Data International","og_description":"Este servicio respalda a profesionales financieros, inversores e instituciones con informaci\u00f3n econ\u00f3mica precisa y actualizada para una toma de decisiones informada. Datos Econ\u00f3micos de EE. UU. Cobertura puntual y exhaustiva de los","og_url":"https:\/\/www.exchange-data.com\/es\/producto\/datos-economicos-fiables-de-ee-uu-y-globales\/","og_site_name":"Exchange Data International","article_modified_time":"2025-10-03T09:20:21+00:00","twitter_card":"summary_large_image","twitter_site":"@ExchangeData","twitter_misc":{"Tiempo de lectura":"2 minutos"},"schema":{"@context":"https:\/\/schema.org","@graph":[{"@type":"WebPage","@id":"https:\/\/www.exchange-data.com\/es\/producto\/datos-economicos-fiables-de-ee-uu-y-globales\/","url":"https:\/\/www.exchange-data.com\/es\/producto\/datos-economicos-fiables-de-ee-uu-y-globales\/","name":"Datos Econ\u00f3micos Fiables de EE. UU. y Globales | Exchange Data International","isPartOf":{"@id":"https:\/\/www.exchange-data.com\/es\/#website"},"datePublished":"2025-07-09T10:48:09+00:00","dateModified":"2025-10-03T09:20:21+00:00","breadcrumb":{"@id":"https:\/\/www.exchange-data.com\/es\/producto\/datos-economicos-fiables-de-ee-uu-y-globales\/#breadcrumb"},"inLanguage":"es","potentialAction":[{"@type":"ReadAction","target":["https:\/\/www.exchange-data.com\/es\/producto\/datos-economicos-fiables-de-ee-uu-y-globales\/"]}]},{"@type":"BreadcrumbList","@id":"https:\/\/www.exchange-data.com\/es\/producto\/datos-economicos-fiables-de-ee-uu-y-globales\/#breadcrumb","itemListElement":[{"@type":"ListItem","position":1,"name":"Home","item":"https:\/\/www.exchange-data.com\/es\/inicio\/"},{"@type":"ListItem","position":2,"name":"Datos Econ\u00f3micos Fiables de EE. UU. y Globales"}]},{"@type":"WebSite","@id":"https:\/\/www.exchange-data.com\/es\/#website","url":"https:\/\/www.exchange-data.com\/es\/","name":"Exchange Data International","description":"Doing data differently","publisher":{"@id":"https:\/\/www.exchange-data.com\/es\/#organization"},"potentialAction":[{"@type":"SearchAction","target":{"@type":"EntryPoint","urlTemplate":"https:\/\/www.exchange-data.com\/es\/?s={search_term_string}"},"query-input":{"@type":"PropertyValueSpecification","valueRequired":true,"valueName":"search_term_string"}}],"inLanguage":"es"},{"@type":"Organization","@id":"https:\/\/www.exchange-data.com\/es\/#organization","name":"Exchange Data International","url":"https:\/\/www.exchange-data.com\/es\/","logo":{"@type":"ImageObject","inLanguage":"es","@id":"https:\/\/www.exchange-data.com\/es\/#\/schema\/logo\/image\/","url":"https:\/\/www.exchange-data.com\/wp-content\/uploads\/2019\/03\/logo3.png","contentUrl":"https:\/\/www.exchange-data.com\/wp-content\/uploads\/2019\/03\/logo3.png","width":200,"height":80,"caption":"Exchange Data International"},"image":{"@id":"https:\/\/www.exchange-data.com\/es\/#\/schema\/logo\/image\/"},"sameAs":["https:\/\/x.com\/ExchangeData","https:\/\/www.linkedin.com\/company\/exchange-data-international\/?viewAsMember=true","https:\/\/www.youtube.com\/channel\/UC5D1OpUb22YZANRLD_Ktcgg?view_as=subscriber"]}]}},"_links":{"self":[{"href":"https:\/\/www.exchange-data.com\/es\/wp-json\/wp\/v2\/product\/36632","targetHints":{"allow":["GET"]}}],"collection":[{"href":"https:\/\/www.exchange-data.com\/es\/wp-json\/wp\/v2\/product"}],"about":[{"href":"https:\/\/www.exchange-data.com\/es\/wp-json\/wp\/v2\/types\/product"}],"wp:attachment":[{"href":"https:\/\/www.exchange-data.com\/es\/wp-json\/wp\/v2\/media?parent=36632"}],"wp:term":[{"taxonomy":"country","embeddable":true,"href":"https:\/\/www.exchange-data.com\/es\/wp-json\/wp\/v2\/country?post=36632"},{"taxonomy":"product_category","embeddable":true,"href":"https:\/\/www.exchange-data.com\/es\/wp-json\/wp\/v2\/product_category?post=36632"}],"curies":[{"name":"wp","href":"https:\/\/api.w.org\/{rel}","templated":true}]}}