{"id":36636,"date":"2025-07-09T11:51:16","date_gmt":"2025-07-09T10:51:16","guid":{"rendered":"https:\/\/www.exchange-data.com\/product\/cobertura-integral-de-deuda-soberana\/"},"modified":"2025-10-03T12:26:31","modified_gmt":"2025-10-03T11:26:31","slug":"cobertura-integral-de-deuda-soberana","status":"publish","type":"product","link":"https:\/\/www.exchange-data.com\/es\/producto\/cobertura-integral-de-deuda-soberana\/","title":{"rendered":"Cobertura Integral de Deuda Soberana"},"content":{"rendered":"<p><span style=\"font-weight: 400;\">Ofrecemos una plataforma unificada para el seguimiento de emisiones de deuda soberana, incluyendo subastas de bonos gubernamentales, ventas de letras del Tesoro y emisiones supranacionales. El calendario incluye todos los resultados del Tesoro de EE.\u202fUU. desde 2001. <\/span><\/p>\n<h2><small>Cobertura por Pa\u00eds:<\/small><\/h2>\n<p><span style=\"font-weight: 400;\">Las entidades de deuda soberana incluyen la cobertura de 29 emisores nacionales y tres supranacionales:  <\/span><\/p>\n<p><span style=\"font-weight: 400;\">Austria, B\u00e9lgica, Canad\u00e1, Chipre, Chequia (Rep\u00fablica Checa), Egipto, Uni\u00f3n Europea (UE), Uni\u00f3n Europea (Mecanismo Europeo de Estabilidad \u00abESM\u00bb), Uni\u00f3n Europea (Fondo Europeo de Estabilidad Financiera \u00abEFSF\u00bb)*, Finlandia, Francia, Alemania, Ghana, Grecia, Hungr\u00eda, Irlanda, Israel, Italia, Kazajist\u00e1n, Pa\u00edses Bajos, Nigeria, Polonia, Portugal, Ruman\u00eda, Eslovenia, Sud\u00e1frica, Espa\u00f1a, Turqu\u00eda, Ucrania, Reino Unido y Estados Unidos. <\/span><\/p>\n<h2><small>Cobertura en Tiempo Real de Subastas de Deuda Soberana<\/small><\/h2>\n<p><span style=\"font-weight: 400;\">Los usuarios pueden preparar, analizar y comparar emisiones en tiempo real en una plataforma unificada, sin interrupciones ni retrasos. La plataforma permite el seguimiento continuo de cada emisi\u00f3n en todas sus etapas:   <\/span><\/p>\n<ul>\n<li><span style=\"font-weight: 400;\">Entrada preliminar en el calendario<\/span><\/li>\n<li><span style=\"font-weight: 400;\">Anuncio oficial<\/span><\/li>\n<li><span style=\"font-weight: 400;\">Resultados de la subasta<\/span><\/li>\n<li><span style=\"font-weight: 400;\">Eventos posteriores de puja<\/span><\/li>\n<li><span style=\"font-weight: 400;\">Liquidaci\u00f3n<\/span><\/li>\n<\/ul>\n<h2><small>Base de Datos Hist\u00f3rica y Capacidades de An\u00e1lisis<\/small><\/h2>\n<p><span style=\"font-weight: 400;\">Nuestra base de datos consultable permite explorar miles de subastas realizadas en los \u00faltimos cinco a\u00f1os o m\u00e1s, con herramientas avanzadas de an\u00e1lisis:<\/span><\/p>\n<ul>\n<li><span style=\"font-weight: 400;\">B\u00fasqueda y clasificaci\u00f3n flexible por ISIN, fecha, vencimiento, pa\u00eds o tipo de instrumento<\/span><\/li>\n<li><span style=\"font-weight: 400;\">Actualizaciones en tiempo real directamente desde los emisores<\/span><\/li>\n<li><span style=\"font-weight: 400;\">C\u00e1lculo de rendimiento y seguimiento del stock en circulaci\u00f3n<\/span><\/li>\n<\/ul>\n<h2><small>An\u00e1lisis del Mercado: Tendencias de Emisi\u00f3n<\/small><\/h2>\n<p><span style=\"font-weight: 400;\">La emisi\u00f3n de deuda soberana var\u00eda seg\u00fan el contexto econ\u00f3mico y las decisiones pol\u00edticas de cada pa\u00eds: <\/span><\/p>\n<p><span style=\"font-weight: 400;\">Francia (Alta Emisi\u00f3n): Realiza unas 120 subastas de letras por un total de 360.000 millones de euros y 94 subastas de bonos por 190.000 millones de euros al a\u00f1o<\/span><\/p>\n<p><span style=\"font-weight: 400;\">Grecia (Baja Emisi\u00f3n): Debido a impagos anteriores, emite principalmente letras, con un volumen anual cercano a los 35.000 millones de euros<\/span><\/p>\n<p><span style=\"font-weight: 400;\">Estas diferencias refuerzan la necesidad de un enfoque comparativo e integral para el seguimiento de la deuda soberana.<\/span><\/p>\n","protected":false},"featured_media":0,"template":"","country":[],"product_category":[3185,3181],"class_list":["post-36636","product","type-product","status-publish","hentry","product_category-datos-economicos","product_category-datos-sobre-renta-fija","no-post-thumbnail"],"acf":[],"yoast_head":"<!-- This site is optimized with the Yoast SEO Premium plugin v26.0 (Yoast SEO v26.0) - https:\/\/yoast.com\/wordpress\/plugins\/seo\/ -->\n<title>Cobertura Integral de Deuda Soberana | Exchange Data International<\/title>\n<meta name=\"description\" content=\"Supervisa emisiones de deuda soberana global con datos en tiempo real, hist\u00f3ricos y resultados del Tesoro de EE. UU. desde 2001 en una sola plataforma personalizable.\" \/>\n<meta name=\"robots\" content=\"index, follow, max-snippet:-1, max-image-preview:large, max-video-preview:-1\" \/>\n<link rel=\"canonical\" href=\"https:\/\/www.exchange-data.com\/es\/producto\/cobertura-integral-de-deuda-soberana\/\" \/>\n<meta property=\"og:locale\" content=\"es_ES\" \/>\n<meta property=\"og:type\" content=\"article\" \/>\n<meta property=\"og:title\" content=\"Cobertura Integral de Deuda Soberana | Exchange Data International\" \/>\n<meta property=\"og:description\" content=\"Supervisa emisiones de deuda soberana global con datos en tiempo real, hist\u00f3ricos y resultados del Tesoro de EE. UU. desde 2001 en una sola plataforma personalizable.\" \/>\n<meta property=\"og:url\" content=\"https:\/\/www.exchange-data.com\/es\/producto\/cobertura-integral-de-deuda-soberana\/\" \/>\n<meta property=\"og:site_name\" content=\"Exchange Data International\" \/>\n<meta property=\"article:modified_time\" content=\"2025-10-03T11:26:31+00:00\" \/>\n<meta name=\"twitter:card\" content=\"summary_large_image\" \/>\n<meta name=\"twitter:site\" content=\"@ExchangeData\" \/>\n<meta name=\"twitter:label1\" content=\"Tiempo de lectura\" \/>\n\t<meta name=\"twitter:data1\" content=\"2 minutos\" \/>\n<script type=\"application\/ld+json\" class=\"yoast-schema-graph\">{\"@context\":\"https:\/\/schema.org\",\"@graph\":[{\"@type\":\"WebPage\",\"@id\":\"https:\/\/www.exchange-data.com\/es\/producto\/cobertura-integral-de-deuda-soberana\/\",\"url\":\"https:\/\/www.exchange-data.com\/es\/producto\/cobertura-integral-de-deuda-soberana\/\",\"name\":\"Cobertura Integral de Deuda Soberana | Exchange Data International\",\"isPartOf\":{\"@id\":\"https:\/\/www.exchange-data.com\/es\/#website\"},\"datePublished\":\"2025-07-09T10:51:16+00:00\",\"dateModified\":\"2025-10-03T11:26:31+00:00\",\"description\":\"Supervisa emisiones de deuda soberana global con datos en tiempo real, hist\u00f3ricos y resultados del Tesoro de EE. UU. desde 2001 en una sola plataforma personalizable.\",\"breadcrumb\":{\"@id\":\"https:\/\/www.exchange-data.com\/es\/producto\/cobertura-integral-de-deuda-soberana\/#breadcrumb\"},\"inLanguage\":\"es\",\"potentialAction\":[{\"@type\":\"ReadAction\",\"target\":[\"https:\/\/www.exchange-data.com\/es\/producto\/cobertura-integral-de-deuda-soberana\/\"]}]},{\"@type\":\"BreadcrumbList\",\"@id\":\"https:\/\/www.exchange-data.com\/es\/producto\/cobertura-integral-de-deuda-soberana\/#breadcrumb\",\"itemListElement\":[{\"@type\":\"ListItem\",\"position\":1,\"name\":\"Home\",\"item\":\"https:\/\/www.exchange-data.com\/es\/inicio\/\"},{\"@type\":\"ListItem\",\"position\":2,\"name\":\"Cobertura Integral de Deuda Soberana\"}]},{\"@type\":\"WebSite\",\"@id\":\"https:\/\/www.exchange-data.com\/es\/#website\",\"url\":\"https:\/\/www.exchange-data.com\/es\/\",\"name\":\"Exchange Data International\",\"description\":\"Doing data differently\",\"publisher\":{\"@id\":\"https:\/\/www.exchange-data.com\/es\/#organization\"},\"potentialAction\":[{\"@type\":\"SearchAction\",\"target\":{\"@type\":\"EntryPoint\",\"urlTemplate\":\"https:\/\/www.exchange-data.com\/es\/?s={search_term_string}\"},\"query-input\":{\"@type\":\"PropertyValueSpecification\",\"valueRequired\":true,\"valueName\":\"search_term_string\"}}],\"inLanguage\":\"es\"},{\"@type\":\"Organization\",\"@id\":\"https:\/\/www.exchange-data.com\/es\/#organization\",\"name\":\"Exchange Data International\",\"url\":\"https:\/\/www.exchange-data.com\/es\/\",\"logo\":{\"@type\":\"ImageObject\",\"inLanguage\":\"es\",\"@id\":\"https:\/\/www.exchange-data.com\/es\/#\/schema\/logo\/image\/\",\"url\":\"https:\/\/www.exchange-data.com\/wp-content\/uploads\/2019\/03\/logo3.png\",\"contentUrl\":\"https:\/\/www.exchange-data.com\/wp-content\/uploads\/2019\/03\/logo3.png\",\"width\":200,\"height\":80,\"caption\":\"Exchange Data International\"},\"image\":{\"@id\":\"https:\/\/www.exchange-data.com\/es\/#\/schema\/logo\/image\/\"},\"sameAs\":[\"https:\/\/x.com\/ExchangeData\",\"https:\/\/www.linkedin.com\/company\/exchange-data-international\/?viewAsMember=true\",\"https:\/\/www.youtube.com\/channel\/UC5D1OpUb22YZANRLD_Ktcgg?view_as=subscriber\"]}]}<\/script>\n<!-- \/ Yoast SEO Premium plugin. -->","yoast_head_json":{"title":"Cobertura Integral de Deuda Soberana | Exchange Data International","description":"Supervisa emisiones de deuda soberana global con datos en tiempo real, hist\u00f3ricos y resultados del Tesoro de EE. UU. desde 2001 en una sola plataforma personalizable.","robots":{"index":"index","follow":"follow","max-snippet":"max-snippet:-1","max-image-preview":"max-image-preview:large","max-video-preview":"max-video-preview:-1"},"canonical":"https:\/\/www.exchange-data.com\/es\/producto\/cobertura-integral-de-deuda-soberana\/","og_locale":"es_ES","og_type":"article","og_title":"Cobertura Integral de Deuda Soberana | Exchange Data International","og_description":"Supervisa emisiones de deuda soberana global con datos en tiempo real, hist\u00f3ricos y resultados del Tesoro de EE. UU. desde 2001 en una sola plataforma personalizable.","og_url":"https:\/\/www.exchange-data.com\/es\/producto\/cobertura-integral-de-deuda-soberana\/","og_site_name":"Exchange Data International","article_modified_time":"2025-10-03T11:26:31+00:00","twitter_card":"summary_large_image","twitter_site":"@ExchangeData","twitter_misc":{"Tiempo de lectura":"2 minutos"},"schema":{"@context":"https:\/\/schema.org","@graph":[{"@type":"WebPage","@id":"https:\/\/www.exchange-data.com\/es\/producto\/cobertura-integral-de-deuda-soberana\/","url":"https:\/\/www.exchange-data.com\/es\/producto\/cobertura-integral-de-deuda-soberana\/","name":"Cobertura Integral de Deuda Soberana | Exchange Data International","isPartOf":{"@id":"https:\/\/www.exchange-data.com\/es\/#website"},"datePublished":"2025-07-09T10:51:16+00:00","dateModified":"2025-10-03T11:26:31+00:00","description":"Supervisa emisiones de deuda soberana global con datos en tiempo real, hist\u00f3ricos y resultados del Tesoro de EE. UU. desde 2001 en una sola plataforma personalizable.","breadcrumb":{"@id":"https:\/\/www.exchange-data.com\/es\/producto\/cobertura-integral-de-deuda-soberana\/#breadcrumb"},"inLanguage":"es","potentialAction":[{"@type":"ReadAction","target":["https:\/\/www.exchange-data.com\/es\/producto\/cobertura-integral-de-deuda-soberana\/"]}]},{"@type":"BreadcrumbList","@id":"https:\/\/www.exchange-data.com\/es\/producto\/cobertura-integral-de-deuda-soberana\/#breadcrumb","itemListElement":[{"@type":"ListItem","position":1,"name":"Home","item":"https:\/\/www.exchange-data.com\/es\/inicio\/"},{"@type":"ListItem","position":2,"name":"Cobertura Integral de Deuda Soberana"}]},{"@type":"WebSite","@id":"https:\/\/www.exchange-data.com\/es\/#website","url":"https:\/\/www.exchange-data.com\/es\/","name":"Exchange Data International","description":"Doing data differently","publisher":{"@id":"https:\/\/www.exchange-data.com\/es\/#organization"},"potentialAction":[{"@type":"SearchAction","target":{"@type":"EntryPoint","urlTemplate":"https:\/\/www.exchange-data.com\/es\/?s={search_term_string}"},"query-input":{"@type":"PropertyValueSpecification","valueRequired":true,"valueName":"search_term_string"}}],"inLanguage":"es"},{"@type":"Organization","@id":"https:\/\/www.exchange-data.com\/es\/#organization","name":"Exchange Data International","url":"https:\/\/www.exchange-data.com\/es\/","logo":{"@type":"ImageObject","inLanguage":"es","@id":"https:\/\/www.exchange-data.com\/es\/#\/schema\/logo\/image\/","url":"https:\/\/www.exchange-data.com\/wp-content\/uploads\/2019\/03\/logo3.png","contentUrl":"https:\/\/www.exchange-data.com\/wp-content\/uploads\/2019\/03\/logo3.png","width":200,"height":80,"caption":"Exchange Data International"},"image":{"@id":"https:\/\/www.exchange-data.com\/es\/#\/schema\/logo\/image\/"},"sameAs":["https:\/\/x.com\/ExchangeData","https:\/\/www.linkedin.com\/company\/exchange-data-international\/?viewAsMember=true","https:\/\/www.youtube.com\/channel\/UC5D1OpUb22YZANRLD_Ktcgg?view_as=subscriber"]}]}},"_links":{"self":[{"href":"https:\/\/www.exchange-data.com\/es\/wp-json\/wp\/v2\/product\/36636","targetHints":{"allow":["GET"]}}],"collection":[{"href":"https:\/\/www.exchange-data.com\/es\/wp-json\/wp\/v2\/product"}],"about":[{"href":"https:\/\/www.exchange-data.com\/es\/wp-json\/wp\/v2\/types\/product"}],"wp:attachment":[{"href":"https:\/\/www.exchange-data.com\/es\/wp-json\/wp\/v2\/media?parent=36636"}],"wp:term":[{"taxonomy":"country","embeddable":true,"href":"https:\/\/www.exchange-data.com\/es\/wp-json\/wp\/v2\/country?post=36636"},{"taxonomy":"product_category","embeddable":true,"href":"https:\/\/www.exchange-data.com\/es\/wp-json\/wp\/v2\/product_category?post=36636"}],"curies":[{"name":"wp","href":"https:\/\/api.w.org\/{rel}","templated":true}]}}