{"id":36638,"date":"2025-07-14T11:32:38","date_gmt":"2025-07-14T10:32:38","guid":{"rendered":"https:\/\/www.exchange-data.com\/product\/fondos-de-inversion-globales-excepto-ee-uu\/"},"modified":"2026-02-18T13:36:40","modified_gmt":"2026-02-18T12:36:40","slug":"fondos-de-inversion-globales-excepto-ee-uu","status":"publish","type":"product","link":"https:\/\/www.exchange-data.com\/es\/producto\/fondos-de-inversion-globales-excepto-ee-uu\/","title":{"rendered":"Fondos de inversion no estadounidense"},"content":{"rendered":"<p><span style=\"font-weight: 400;\">La industria global de fondos de inversi\u00f3n est\u00e1 valorada en aproximadamente 114 billones de d\u00f3lares.<\/span><\/p>\n<p><span style=\"font-weight: 400;\">La proporci\u00f3n de activos financieros gestionados a trav\u00e9s de fondos ha crecido de forma sostenida y contin\u00faa en expansi\u00f3n, especialmente en mercados emergentes.<\/span><\/p>\n<p><span style=\"font-weight: 400;\">Hasta hace poco, EDI ofrec\u00eda informaci\u00f3n sobre fondos cerrados y ETFs cotizados en bolsa. En 2021, lanzamos un nuevo servicio para ampliar nuestra cobertura, incluyendo fondos abiertos (consulte nuestra secci\u00f3n sobre fondos mutuos para m\u00e1s detalles). <\/span><\/p>\n<h2>Cobertura de Fondos<\/h2>\n<p><span style=\"font-weight: 400;\">Este servicio cubre fondos abiertos del Reino Unido, Irlanda y Luxemburgo, con planes de expansi\u00f3n hacia otros mercados.<\/span><\/p>\n<p><span style=\"font-weight: 400;\">Actualmente, nuestra base activa incluye unas 96.000 clases de participaciones, distribuidas en:<\/span><\/p>\n<ol>\n<li><span style=\"font-weight: 400;\">16.000 fondos del Reino Unido<\/span><\/li>\n<li><span style=\"font-weight: 400;\">30.000 fondos irlandeses<\/span><\/li>\n<li><span style=\"font-weight: 400;\">50.000 fondos luxemburgueses<\/span><\/li>\n<\/ol>\n<p><span style=\"font-weight: 400;\">Tambi\u00e9n ofrecemos servicios de traducci\u00f3n de datos de fondos para Suiza, Austria, Francia, B\u00e9lgica y otros mercados europeos bajo demanda. Si gestiona una cartera paneuropea, consulte nuestras soluciones de datos para fondos. <\/span><\/p>\n<h3>Datos de Referencia<\/h3>\n<p><b>Entrega oportuna directamente desde la fuente<\/b><\/p>\n<p><span style=\"font-weight: 400;\">Contamos con un equipo especializado que recopila y procesa datos diariamente de m\u00e1s de 139.000 fondos, con v\u00ednculos directos con m\u00e1s de 400 gestoras, complementados por fuentes secundarias. Esto garantiza la entrega puntual y confiable de informaci\u00f3n. Consulte la tabla adjunta para conocer todos los campos disponibles. <\/span><\/p>\n<h3>Acciones Corporativas<\/h3>\n<p><span style=\"font-weight: 400;\">Combine nuestros datos de referencia con el servicio de acciones corporativas para obtener una cobertura completa de todos los fondos abiertos. Este servicio incluye eventos corporativos y desglosa flujos de ingresos como dividendos, intereses e ingresos inmobiliarios, cuando corresponda. <\/span><\/p>\n<p><b>Benef\u00edciese de nuestras acciones corporativas completas<\/b><\/p>\n<p><span style=\"font-weight: 400;\">Omitir una acci\u00f3n corporativa puede generar p\u00e9rdidas millonarias y afectar la reputaci\u00f3n de su firma.<br \/>Con EDI, acceda a una cobertura integral sobre las acciones corporativas de los fondos que gestiona. <\/span><\/p>\n<p><b>Est\u00e1ndares para soluciones empresariales<\/b><\/p>\n<p><span style=\"font-weight: 400;\">Nuestro servicio de datos de fondos proporciona informaci\u00f3n clave sobre dividendos y acciones corporativas, esenciales para los equipos de front, middle y back office. Las feeds estandarizadas aseguran un tratamiento consistente de los eventos corporativos en toda la organizaci\u00f3n, incluyendo modelos de riesgo y estrategias de inversi\u00f3n.  <\/span><\/p>\n<p><b>C\u00e1lculo preciso de impuestos<\/b><\/p>\n<p><span style=\"font-weight: 400;\">Inversionistas y representantes fiscales pueden calcular correctamente la carga tributaria gracias al desglose de flujos de ingresos incluido en el servicio de acciones corporativas de EDI.<\/span><\/p>\n","protected":false},"featured_media":0,"template":"","country":[],"product_category":[3186],"class_list":["post-36638","product","type-product","status-publish","hentry","product_category-fondos-de-inversion","no-post-thumbnail"],"acf":[],"yoast_head":"<!-- This site is optimized with the Yoast SEO Premium plugin v26.0 (Yoast SEO v26.0) - https:\/\/yoast.com\/wordpress\/plugins\/seo\/ -->\n<title>Fondos de inversion no estadounidense | Exchange Data International<\/title>\n<meta name=\"robots\" content=\"index, follow, max-snippet:-1, max-image-preview:large, max-video-preview:-1\" \/>\n<link rel=\"canonical\" href=\"https:\/\/www.exchange-data.com\/es\/producto\/fondos-de-inversion-globales-excepto-ee-uu\/\" \/>\n<meta property=\"og:locale\" content=\"es_ES\" \/>\n<meta property=\"og:type\" content=\"article\" \/>\n<meta property=\"og:title\" content=\"Fondos de inversion no estadounidense | Exchange Data International\" \/>\n<meta property=\"og:description\" content=\"La industria global de fondos de inversi\u00f3n est\u00e1 valorada en aproximadamente 114 billones de d\u00f3lares. La proporci\u00f3n de activos financieros gestionados a trav\u00e9s de fondos ha crecido de forma sostenida y contin\u00faa\" \/>\n<meta property=\"og:url\" content=\"https:\/\/www.exchange-data.com\/es\/producto\/fondos-de-inversion-globales-excepto-ee-uu\/\" \/>\n<meta property=\"og:site_name\" content=\"Exchange Data International\" \/>\n<meta property=\"article:modified_time\" content=\"2026-02-18T12:36:40+00:00\" \/>\n<meta name=\"twitter:card\" content=\"summary_large_image\" \/>\n<meta name=\"twitter:site\" content=\"@ExchangeData\" \/>\n<meta name=\"twitter:label1\" content=\"Tiempo de lectura\" \/>\n\t<meta name=\"twitter:data1\" content=\"2 minutos\" \/>\n<script type=\"application\/ld+json\" class=\"yoast-schema-graph\">{\"@context\":\"https:\/\/schema.org\",\"@graph\":[{\"@type\":\"WebPage\",\"@id\":\"https:\/\/www.exchange-data.com\/es\/producto\/fondos-de-inversion-globales-excepto-ee-uu\/\",\"url\":\"https:\/\/www.exchange-data.com\/es\/producto\/fondos-de-inversion-globales-excepto-ee-uu\/\",\"name\":\"Fondos de inversion no estadounidense | Exchange Data International\",\"isPartOf\":{\"@id\":\"https:\/\/www.exchange-data.com\/es\/#website\"},\"datePublished\":\"2025-07-14T10:32:38+00:00\",\"dateModified\":\"2026-02-18T12:36:40+00:00\",\"breadcrumb\":{\"@id\":\"https:\/\/www.exchange-data.com\/es\/producto\/fondos-de-inversion-globales-excepto-ee-uu\/#breadcrumb\"},\"inLanguage\":\"es\",\"potentialAction\":[{\"@type\":\"ReadAction\",\"target\":[\"https:\/\/www.exchange-data.com\/es\/producto\/fondos-de-inversion-globales-excepto-ee-uu\/\"]}]},{\"@type\":\"BreadcrumbList\",\"@id\":\"https:\/\/www.exchange-data.com\/es\/producto\/fondos-de-inversion-globales-excepto-ee-uu\/#breadcrumb\",\"itemListElement\":[{\"@type\":\"ListItem\",\"position\":1,\"name\":\"Home\",\"item\":\"https:\/\/www.exchange-data.com\/es\/inicio\/\"},{\"@type\":\"ListItem\",\"position\":2,\"name\":\"Fondos de inversion no estadounidense\"}]},{\"@type\":\"WebSite\",\"@id\":\"https:\/\/www.exchange-data.com\/es\/#website\",\"url\":\"https:\/\/www.exchange-data.com\/es\/\",\"name\":\"Exchange Data International\",\"description\":\"Doing data differently\",\"publisher\":{\"@id\":\"https:\/\/www.exchange-data.com\/es\/#organization\"},\"potentialAction\":[{\"@type\":\"SearchAction\",\"target\":{\"@type\":\"EntryPoint\",\"urlTemplate\":\"https:\/\/www.exchange-data.com\/es\/?s={search_term_string}\"},\"query-input\":{\"@type\":\"PropertyValueSpecification\",\"valueRequired\":true,\"valueName\":\"search_term_string\"}}],\"inLanguage\":\"es\"},{\"@type\":\"Organization\",\"@id\":\"https:\/\/www.exchange-data.com\/es\/#organization\",\"name\":\"Exchange Data International\",\"url\":\"https:\/\/www.exchange-data.com\/es\/\",\"logo\":{\"@type\":\"ImageObject\",\"inLanguage\":\"es\",\"@id\":\"https:\/\/www.exchange-data.com\/es\/#\/schema\/logo\/image\/\",\"url\":\"https:\/\/www.exchange-data.com\/wp-content\/uploads\/2019\/03\/logo3.png\",\"contentUrl\":\"https:\/\/www.exchange-data.com\/wp-content\/uploads\/2019\/03\/logo3.png\",\"width\":200,\"height\":80,\"caption\":\"Exchange Data International\"},\"image\":{\"@id\":\"https:\/\/www.exchange-data.com\/es\/#\/schema\/logo\/image\/\"},\"sameAs\":[\"https:\/\/x.com\/ExchangeData\",\"https:\/\/www.linkedin.com\/company\/exchange-data-international\/?viewAsMember=true\",\"https:\/\/www.youtube.com\/channel\/UC5D1OpUb22YZANRLD_Ktcgg?view_as=subscriber\"]}]}<\/script>\n<!-- \/ Yoast SEO Premium plugin. -->","yoast_head_json":{"title":"Fondos de inversion no estadounidense | Exchange Data International","robots":{"index":"index","follow":"follow","max-snippet":"max-snippet:-1","max-image-preview":"max-image-preview:large","max-video-preview":"max-video-preview:-1"},"canonical":"https:\/\/www.exchange-data.com\/es\/producto\/fondos-de-inversion-globales-excepto-ee-uu\/","og_locale":"es_ES","og_type":"article","og_title":"Fondos de inversion no estadounidense | Exchange Data International","og_description":"La industria global de fondos de inversi\u00f3n est\u00e1 valorada en aproximadamente 114 billones de d\u00f3lares. La proporci\u00f3n de activos financieros gestionados a trav\u00e9s de fondos ha crecido de forma sostenida y contin\u00faa","og_url":"https:\/\/www.exchange-data.com\/es\/producto\/fondos-de-inversion-globales-excepto-ee-uu\/","og_site_name":"Exchange Data International","article_modified_time":"2026-02-18T12:36:40+00:00","twitter_card":"summary_large_image","twitter_site":"@ExchangeData","twitter_misc":{"Tiempo de lectura":"2 minutos"},"schema":{"@context":"https:\/\/schema.org","@graph":[{"@type":"WebPage","@id":"https:\/\/www.exchange-data.com\/es\/producto\/fondos-de-inversion-globales-excepto-ee-uu\/","url":"https:\/\/www.exchange-data.com\/es\/producto\/fondos-de-inversion-globales-excepto-ee-uu\/","name":"Fondos de inversion no estadounidense | Exchange Data International","isPartOf":{"@id":"https:\/\/www.exchange-data.com\/es\/#website"},"datePublished":"2025-07-14T10:32:38+00:00","dateModified":"2026-02-18T12:36:40+00:00","breadcrumb":{"@id":"https:\/\/www.exchange-data.com\/es\/producto\/fondos-de-inversion-globales-excepto-ee-uu\/#breadcrumb"},"inLanguage":"es","potentialAction":[{"@type":"ReadAction","target":["https:\/\/www.exchange-data.com\/es\/producto\/fondos-de-inversion-globales-excepto-ee-uu\/"]}]},{"@type":"BreadcrumbList","@id":"https:\/\/www.exchange-data.com\/es\/producto\/fondos-de-inversion-globales-excepto-ee-uu\/#breadcrumb","itemListElement":[{"@type":"ListItem","position":1,"name":"Home","item":"https:\/\/www.exchange-data.com\/es\/inicio\/"},{"@type":"ListItem","position":2,"name":"Fondos de inversion no estadounidense"}]},{"@type":"WebSite","@id":"https:\/\/www.exchange-data.com\/es\/#website","url":"https:\/\/www.exchange-data.com\/es\/","name":"Exchange Data International","description":"Doing data differently","publisher":{"@id":"https:\/\/www.exchange-data.com\/es\/#organization"},"potentialAction":[{"@type":"SearchAction","target":{"@type":"EntryPoint","urlTemplate":"https:\/\/www.exchange-data.com\/es\/?s={search_term_string}"},"query-input":{"@type":"PropertyValueSpecification","valueRequired":true,"valueName":"search_term_string"}}],"inLanguage":"es"},{"@type":"Organization","@id":"https:\/\/www.exchange-data.com\/es\/#organization","name":"Exchange Data International","url":"https:\/\/www.exchange-data.com\/es\/","logo":{"@type":"ImageObject","inLanguage":"es","@id":"https:\/\/www.exchange-data.com\/es\/#\/schema\/logo\/image\/","url":"https:\/\/www.exchange-data.com\/wp-content\/uploads\/2019\/03\/logo3.png","contentUrl":"https:\/\/www.exchange-data.com\/wp-content\/uploads\/2019\/03\/logo3.png","width":200,"height":80,"caption":"Exchange Data International"},"image":{"@id":"https:\/\/www.exchange-data.com\/es\/#\/schema\/logo\/image\/"},"sameAs":["https:\/\/x.com\/ExchangeData","https:\/\/www.linkedin.com\/company\/exchange-data-international\/?viewAsMember=true","https:\/\/www.youtube.com\/channel\/UC5D1OpUb22YZANRLD_Ktcgg?view_as=subscriber"]}]}},"_links":{"self":[{"href":"https:\/\/www.exchange-data.com\/es\/wp-json\/wp\/v2\/product\/36638","targetHints":{"allow":["GET"]}}],"collection":[{"href":"https:\/\/www.exchange-data.com\/es\/wp-json\/wp\/v2\/product"}],"about":[{"href":"https:\/\/www.exchange-data.com\/es\/wp-json\/wp\/v2\/types\/product"}],"wp:attachment":[{"href":"https:\/\/www.exchange-data.com\/es\/wp-json\/wp\/v2\/media?parent=36638"}],"wp:term":[{"taxonomy":"country","embeddable":true,"href":"https:\/\/www.exchange-data.com\/es\/wp-json\/wp\/v2\/country?post=36638"},{"taxonomy":"product_category","embeddable":true,"href":"https:\/\/www.exchange-data.com\/es\/wp-json\/wp\/v2\/product_category?post=36638"}],"curies":[{"name":"wp","href":"https:\/\/api.w.org\/{rel}","templated":true}]}}