{"id":36645,"date":"2025-06-26T06:09:25","date_gmt":"2025-06-26T05:09:25","guid":{"rendered":"https:\/\/www.exchange-data.com\/product\/datos-y-analisis-de-posiciones-cortas-de-ortex\/"},"modified":"2026-01-19T13:49:31","modified_gmt":"2026-01-19T12:49:31","slug":"datos-y-analisis-de-posiciones-cortas-de-ortex","status":"publish","type":"product","link":"https:\/\/www.exchange-data.com\/es\/producto\/datos-y-analisis-de-posiciones-cortas-de-ortex\/","title":{"rendered":"Datos y An\u00e1lisis de Posiciones Cortas de Ortex"},"content":{"rendered":"<h2><small>Importancia de los datos oportunos sobre inter\u00e9s corto<\/small><\/h2>\n<p><span style=\"font-weight: 400;\"> Contar con datos precisos y actualizados sobre posiciones cortas es clave para evaluar el riesgo, interpretar el sentimiento del mercado y anticipar el comportamiento de los inversores.<\/span><\/p>\n<p><span style=\"font-weight: 400;\"> Ortex proporciona informaci\u00f3n en tiempo real con alto grado de confiabilidad, superando las limitaciones de los reportes oficiales que suelen publicarse con retraso por las bolsas.<\/span><\/p>\n<p><span style=\"font-weight: 400;\"> Su modelo exclusivo, respaldado por t\u00e9cnicas de machine learning, refina las estimaciones de inter\u00e9s corto al filtrar operaciones de pr\u00e9stamo no asociadas a posiciones cortas, como coberturas de liquidaci\u00f3n, market making, garant\u00edas colaterales, ajustes de balance y arbitraje de dividendos.<\/span><\/p>\n<p><span style=\"font-weight: 400;\"> Identificadores disponibles: ISIN, FIGI, Share Class FIGI, MIC, Operating MIC, ticker y nombre de la empresa.<\/span><\/p>\n<h2><small>Cobertura global y profundidad anal\u00edtica<\/small><\/h2>\n<ul>\n<li><strong>M\u00e1s de 70.000 valores:<\/strong> Acceso a datos detallados y confiables sobre inter\u00e9s corto en acciones y ETF. <\/li>\n<li><strong>Red de fuentes l\u00edder:<\/strong> Informaci\u00f3n recopilada desde la mayor red mundial de agentes prestamistas, brokers principales y distribuidores.<\/li>\n<li><strong>Datos en vivo: <\/strong>Insights intra-diarios conforme se prestan y devuelven los valores.<\/li>\n<li><strong>Hist\u00f3rico desde 2018:<\/strong> Ideal para backtesting y optimizaci\u00f3n de estrategias.<\/li>\n<\/ul>\n<h2><small>Metodolog\u00eda respaldada por algoritmos inteligentes (machine learning)<\/small><\/h2>\n<p><span style=\"font-weight: 400;\"> Un modelo propietario de con algoritmos inteligentes preparado para refinar continuamente las estimaciones de posiciones cortas utilizando datos de intereses en cr\u00e9ditos y operaciones burs\u00e1tiles. El Modelo permite filtrar las<br \/>actividades no relacionadas con posiciones cortas, como: Certeza y Proyecci\u00f3n de liquidaci\u00f3n, Generadores de Mercados, Colaterales, Datos de balances y estados financieros. Arbitraje y dividendosUn modelo de aprendizaje autom\u00e1tico propio refina las estimaciones de intereses en corto utilizando datos de pr\u00e9stamos de valores. Filtra las actividades no cortas, como la certeza de la liquidaci\u00f3n, la creaci\u00f3n de mercado, las garant\u00edas, el mantenimiento del balance y el arbitraje de dividendos. <\/span><\/p>\n<p><span style=\"font-weight: 400;\"> Con la incorporaci\u00f3n de datos burs\u00e1tiles oficiales de intereses en posiciones cortas, el modelo alcanza un 97% de precisi\u00f3n en sus modelos predictivos.<\/span><\/p>\n<p><span style=\"font-weight: 400;\"> Los hechos de importancia y actos corporativos, tales como adquisiciones o escisiones, se integran de manera inmediata y pueden presentarse en formato ajustado.<\/span><\/p>\n<h2><small>Integraci\u00f3n API flexible y escalable<\/small><\/h2>\n<p><span style=\"font-weight: 400;\">  La API ofrece un s\u00f3lido conjunto de datos que abarca m\u00e1s de 70.000 valores y ETF de todo el mundo.  <\/span><\/p>\n<ul>\n<li><strong>Entrega orientada a API: <\/strong>Formatos JSON y CSV, f\u00e1cilmente integrables en modelos de trading algor\u00edtmico, gesti\u00f3n de riesgo y an\u00e1lisis cuantitativo. <\/li>\n<li><strong>Robustez empresarial:<\/strong> Infraestructura escalable y segura, apta para entornos cr\u00edticos y operaciones institucionales. <\/li>\n<li><strong>Transparencia operativa:<\/strong> Intervalos de confianza incorporados que reflejan la volatilidad del mercado y mejoran la precisi\u00f3n de las estimaciones. <\/li>\n<\/ul>\n","protected":false},"featured_media":0,"template":"","country":[],"product_category":[3183],"class_list":["post-36645","product","type-product","status-publish","hentry","product_category-datos-sobre-derivados-e-intereses-en-corto-productos-y-servicios","no-post-thumbnail"],"acf":[],"yoast_head":"<!-- This site is optimized with the Yoast SEO Premium plugin v26.0 (Yoast SEO v26.0) - https:\/\/yoast.com\/wordpress\/plugins\/seo\/ -->\n<title>Datos y an\u00e1lisis de intereses a corto plazo de ORTEX | Informaci\u00f3n en tiempo real<\/title>\n<meta name=\"robots\" content=\"index, follow, max-snippet:-1, max-image-preview:large, max-video-preview:-1\" \/>\n<link rel=\"canonical\" href=\"https:\/\/www.exchange-data.com\/es\/producto\/datos-y-analisis-de-posiciones-cortas-de-ortex\/\" \/>\n<meta property=\"og:locale\" content=\"es_ES\" \/>\n<meta property=\"og:type\" content=\"article\" \/>\n<meta property=\"og:title\" content=\"Datos y An\u00e1lisis de Posiciones Cortas de Ortex | Exchange Data International\" \/>\n<meta property=\"og:description\" content=\"Importancia de los datos oportunos sobre inter\u00e9s corto Contar con datos precisos y actualizados sobre posiciones cortas es clave para evaluar el riesgo, interpretar el sentimiento del mercado y anticipar el comportamiento\" \/>\n<meta property=\"og:url\" content=\"https:\/\/www.exchange-data.com\/es\/producto\/datos-y-analisis-de-posiciones-cortas-de-ortex\/\" \/>\n<meta property=\"og:site_name\" content=\"Exchange Data International\" \/>\n<meta property=\"article:modified_time\" content=\"2026-01-19T12:49:31+00:00\" \/>\n<meta name=\"twitter:card\" content=\"summary_large_image\" \/>\n<meta name=\"twitter:site\" content=\"@ExchangeData\" \/>\n<meta name=\"twitter:label1\" content=\"Tiempo de lectura\" \/>\n\t<meta name=\"twitter:data1\" content=\"2 minutos\" \/>\n<script type=\"application\/ld+json\" class=\"yoast-schema-graph\">{\"@context\":\"https:\/\/schema.org\",\"@graph\":[{\"@type\":\"WebPage\",\"@id\":\"https:\/\/www.exchange-data.com\/es\/producto\/datos-y-analisis-de-posiciones-cortas-de-ortex\/\",\"url\":\"https:\/\/www.exchange-data.com\/es\/producto\/datos-y-analisis-de-posiciones-cortas-de-ortex\/\",\"name\":\"Datos y an\u00e1lisis de intereses a corto plazo de ORTEX | Informaci\u00f3n en tiempo real\",\"isPartOf\":{\"@id\":\"https:\/\/www.exchange-data.com\/es\/#website\"},\"datePublished\":\"2025-06-26T05:09:25+00:00\",\"dateModified\":\"2026-01-19T12:49:31+00:00\",\"breadcrumb\":{\"@id\":\"https:\/\/www.exchange-data.com\/es\/producto\/datos-y-analisis-de-posiciones-cortas-de-ortex\/#breadcrumb\"},\"inLanguage\":\"es\",\"potentialAction\":[{\"@type\":\"ReadAction\",\"target\":[\"https:\/\/www.exchange-data.com\/es\/producto\/datos-y-analisis-de-posiciones-cortas-de-ortex\/\"]}]},{\"@type\":\"BreadcrumbList\",\"@id\":\"https:\/\/www.exchange-data.com\/es\/producto\/datos-y-analisis-de-posiciones-cortas-de-ortex\/#breadcrumb\",\"itemListElement\":[{\"@type\":\"ListItem\",\"position\":1,\"name\":\"Home\",\"item\":\"https:\/\/www.exchange-data.com\/es\/inicio\/\"},{\"@type\":\"ListItem\",\"position\":2,\"name\":\"Datos y An\u00e1lisis de Posiciones Cortas de Ortex\"}]},{\"@type\":\"WebSite\",\"@id\":\"https:\/\/www.exchange-data.com\/es\/#website\",\"url\":\"https:\/\/www.exchange-data.com\/es\/\",\"name\":\"Exchange Data International\",\"description\":\"Doing data differently\",\"publisher\":{\"@id\":\"https:\/\/www.exchange-data.com\/es\/#organization\"},\"potentialAction\":[{\"@type\":\"SearchAction\",\"target\":{\"@type\":\"EntryPoint\",\"urlTemplate\":\"https:\/\/www.exchange-data.com\/es\/?s={search_term_string}\"},\"query-input\":{\"@type\":\"PropertyValueSpecification\",\"valueRequired\":true,\"valueName\":\"search_term_string\"}}],\"inLanguage\":\"es\"},{\"@type\":\"Organization\",\"@id\":\"https:\/\/www.exchange-data.com\/es\/#organization\",\"name\":\"Exchange Data International\",\"url\":\"https:\/\/www.exchange-data.com\/es\/\",\"logo\":{\"@type\":\"ImageObject\",\"inLanguage\":\"es\",\"@id\":\"https:\/\/www.exchange-data.com\/es\/#\/schema\/logo\/image\/\",\"url\":\"https:\/\/www.exchange-data.com\/wp-content\/uploads\/2019\/03\/logo3.png\",\"contentUrl\":\"https:\/\/www.exchange-data.com\/wp-content\/uploads\/2019\/03\/logo3.png\",\"width\":200,\"height\":80,\"caption\":\"Exchange Data International\"},\"image\":{\"@id\":\"https:\/\/www.exchange-data.com\/es\/#\/schema\/logo\/image\/\"},\"sameAs\":[\"https:\/\/x.com\/ExchangeData\",\"https:\/\/www.linkedin.com\/company\/exchange-data-international\/?viewAsMember=true\",\"https:\/\/www.youtube.com\/channel\/UC5D1OpUb22YZANRLD_Ktcgg?view_as=subscriber\"]}]}<\/script>\n<!-- \/ Yoast SEO Premium plugin. -->","yoast_head_json":{"title":"Datos y an\u00e1lisis de intereses a corto plazo de ORTEX | Informaci\u00f3n en tiempo real","robots":{"index":"index","follow":"follow","max-snippet":"max-snippet:-1","max-image-preview":"max-image-preview:large","max-video-preview":"max-video-preview:-1"},"canonical":"https:\/\/www.exchange-data.com\/es\/producto\/datos-y-analisis-de-posiciones-cortas-de-ortex\/","og_locale":"es_ES","og_type":"article","og_title":"Datos y An\u00e1lisis de Posiciones Cortas de Ortex | Exchange Data International","og_description":"Importancia de los datos oportunos sobre inter\u00e9s corto Contar con datos precisos y actualizados sobre posiciones cortas es clave para evaluar el riesgo, interpretar el sentimiento del mercado y anticipar el comportamiento","og_url":"https:\/\/www.exchange-data.com\/es\/producto\/datos-y-analisis-de-posiciones-cortas-de-ortex\/","og_site_name":"Exchange Data International","article_modified_time":"2026-01-19T12:49:31+00:00","twitter_card":"summary_large_image","twitter_site":"@ExchangeData","twitter_misc":{"Tiempo de lectura":"2 minutos"},"schema":{"@context":"https:\/\/schema.org","@graph":[{"@type":"WebPage","@id":"https:\/\/www.exchange-data.com\/es\/producto\/datos-y-analisis-de-posiciones-cortas-de-ortex\/","url":"https:\/\/www.exchange-data.com\/es\/producto\/datos-y-analisis-de-posiciones-cortas-de-ortex\/","name":"Datos y an\u00e1lisis de intereses a corto plazo de ORTEX | Informaci\u00f3n en tiempo real","isPartOf":{"@id":"https:\/\/www.exchange-data.com\/es\/#website"},"datePublished":"2025-06-26T05:09:25+00:00","dateModified":"2026-01-19T12:49:31+00:00","breadcrumb":{"@id":"https:\/\/www.exchange-data.com\/es\/producto\/datos-y-analisis-de-posiciones-cortas-de-ortex\/#breadcrumb"},"inLanguage":"es","potentialAction":[{"@type":"ReadAction","target":["https:\/\/www.exchange-data.com\/es\/producto\/datos-y-analisis-de-posiciones-cortas-de-ortex\/"]}]},{"@type":"BreadcrumbList","@id":"https:\/\/www.exchange-data.com\/es\/producto\/datos-y-analisis-de-posiciones-cortas-de-ortex\/#breadcrumb","itemListElement":[{"@type":"ListItem","position":1,"name":"Home","item":"https:\/\/www.exchange-data.com\/es\/inicio\/"},{"@type":"ListItem","position":2,"name":"Datos y An\u00e1lisis de Posiciones Cortas de Ortex"}]},{"@type":"WebSite","@id":"https:\/\/www.exchange-data.com\/es\/#website","url":"https:\/\/www.exchange-data.com\/es\/","name":"Exchange Data International","description":"Doing data differently","publisher":{"@id":"https:\/\/www.exchange-data.com\/es\/#organization"},"potentialAction":[{"@type":"SearchAction","target":{"@type":"EntryPoint","urlTemplate":"https:\/\/www.exchange-data.com\/es\/?s={search_term_string}"},"query-input":{"@type":"PropertyValueSpecification","valueRequired":true,"valueName":"search_term_string"}}],"inLanguage":"es"},{"@type":"Organization","@id":"https:\/\/www.exchange-data.com\/es\/#organization","name":"Exchange Data International","url":"https:\/\/www.exchange-data.com\/es\/","logo":{"@type":"ImageObject","inLanguage":"es","@id":"https:\/\/www.exchange-data.com\/es\/#\/schema\/logo\/image\/","url":"https:\/\/www.exchange-data.com\/wp-content\/uploads\/2019\/03\/logo3.png","contentUrl":"https:\/\/www.exchange-data.com\/wp-content\/uploads\/2019\/03\/logo3.png","width":200,"height":80,"caption":"Exchange Data International"},"image":{"@id":"https:\/\/www.exchange-data.com\/es\/#\/schema\/logo\/image\/"},"sameAs":["https:\/\/x.com\/ExchangeData","https:\/\/www.linkedin.com\/company\/exchange-data-international\/?viewAsMember=true","https:\/\/www.youtube.com\/channel\/UC5D1OpUb22YZANRLD_Ktcgg?view_as=subscriber"]}]}},"_links":{"self":[{"href":"https:\/\/www.exchange-data.com\/es\/wp-json\/wp\/v2\/product\/36645","targetHints":{"allow":["GET"]}}],"collection":[{"href":"https:\/\/www.exchange-data.com\/es\/wp-json\/wp\/v2\/product"}],"about":[{"href":"https:\/\/www.exchange-data.com\/es\/wp-json\/wp\/v2\/types\/product"}],"wp:attachment":[{"href":"https:\/\/www.exchange-data.com\/es\/wp-json\/wp\/v2\/media?parent=36645"}],"wp:term":[{"taxonomy":"country","embeddable":true,"href":"https:\/\/www.exchange-data.com\/es\/wp-json\/wp\/v2\/country?post=36645"},{"taxonomy":"product_category","embeddable":true,"href":"https:\/\/www.exchange-data.com\/es\/wp-json\/wp\/v2\/product_category?post=36645"}],"curies":[{"name":"wp","href":"https:\/\/api.w.org\/{rel}","templated":true}]}}