{"id":36648,"date":"2025-06-17T07:29:56","date_gmt":"2025-06-17T06:29:56","guid":{"rendered":"https:\/\/www.exchange-data.com\/product\/the-claims-app\/"},"modified":"2025-12-19T06:42:14","modified_gmt":"2025-12-19T05:42:14","slug":"the-claims-app","status":"publish","type":"product","link":"https:\/\/www.exchange-data.com\/es\/producto\/the-claims-app\/","title":{"rendered":"The Claims App\u2122"},"content":{"rendered":"<h2><small><small>Presentamos The Claims App\u2122: una soluci\u00f3n SaaS avanzada<\/small><\/small><\/h2>\n<p><span style=\"font-weight: 400;\"> Optimiza y automatiza la gesti\u00f3n de reclamaciones colectivas con The Claims App\u2122, dise\u00f1ada para cubrir todo el ciclo operativo, desde la notificaci\u00f3n inicial hasta el pago del acuerdo. <\/span><\/p>\n<ul>\n<li><span style=\"font-weight: 400;\"><strong>Presentaciones automatizadas: <\/strong>Carga \u00fanica de datos para generar m\u00faltiples reclamaciones de forma autom\u00e1tica. <\/span><\/li>\n<li><span style=\"font-weight: 400;\"> <strong>Archivos personalizados:<\/strong> Generaci\u00f3n de archivos en el formato requerido por cada administrador de reclamaciones. <\/span><\/li>\n<li><span style=\"font-weight: 400;\"> <strong>Documentaci\u00f3n eficiente:<\/strong> Formularios y comunicaciones generados al instante, listos para env\u00edo. <\/span><\/li>\n<li><span style=\"font-weight: 400;\"> <strong>C\u00e1lculo preciso de p\u00e9rdidas: <\/strong>Informes detallados con estimaciones exactas de p\u00e9rdidas reconocidas. <\/span><\/li>\n<li><span style=\"font-weight: 400;\"> <strong>Anal\u00edtica en tiempo real: <\/strong>Visualizaci\u00f3n inmediata del estado de las reclamaciones, pagos y m\u00e9tricas clave. <\/span><\/li>\n<li><span style=\"font-weight: 400;\"> <strong>Conciliaci\u00f3n automatizada:<\/strong> Informes de conciliaci\u00f3n y pagos por transferencia directa sin intervenci\u00f3n manual. <\/span><\/li>\n<li><span style=\"font-weight: 400;\"> <strong>Seguridad avanzada: <\/strong>Los datos sensibles permanecen bajo control del usuario, sin almacenamiento externo. <\/span><\/li>\n<li><span style=\"font-weight: 400;\"> <strong>Acceso a recursos clave:<\/strong> Descarga de documentos legales y acceso a investigaciones propias de CACM por caso. <\/span><\/li>\n<\/ul>\n<h2><small><small>Convierte un centro de costos en una fuente de ingresos<\/small><\/small><\/h2>\n<p><span style=\"font-weight: 400;\"> Las firmas de corretaje enfrentan altos costos al gestionar m\u00faltiples notificaciones de demandas colectivas. Con The Claims App\u2122, pueden:  <\/span><\/p>\n<ul>\n<li><span style=\"font-weight: 400;\"> Presentar reclamaciones en nombre de sus clientes con m\u00ednima carga operativa.<\/span><\/li>\n<li><span style=\"font-weight: 400;\"> Generar ingresos mediante comisiones de recuperaci\u00f3n, compensando los costos administrativos. <\/span><\/li>\n<\/ul>\n<h2><small><small>Ideal para cualquier entidad financiera<\/small><\/small><\/h2>\n<p><span style=\"font-weight: 400;\"> The Claims App\u2122 est\u00e1 dise\u00f1ada para:<\/span><\/p>\n<ul>\n<li><span style=\"font-weight: 400;\"> Hedge funds <\/span><\/li>\n<li><span style=\"font-weight: 400;\"> Sociedades fiduciarias <\/span><\/li>\n<li><span style=\"font-weight: 400;\"> BancosBanks <\/span><\/li>\n<li><span style=\"font-weight: 400;\"> Fondos de inversi\u00f3n <\/span><\/li>\n<li><span style=\"font-weight: 400;\"> Empresas de trading <\/span><\/li>\n<li><span style=\"font-weight: 400;\"> Cualquier entidad que administre o posea valores <\/span><\/li>\n<\/ul>\n<p><span style=\"font-weight: 400;\">Impulsa tu operaci\u00f3n con nuestra Plataforma The Claims App\u2122 para la Gesti\u00f3n de Reclamaciones Colectivas, basada en un software automatizado de alta eficiencia.<\/span><\/p>\n","protected":false},"featured_media":0,"template":"","country":[],"product_category":[],"class_list":["post-36648","product","type-product","status-publish","hentry","no-post-thumbnail"],"acf":[],"yoast_head":"<!-- This site is optimized with the Yoast SEO Premium plugin v26.0 (Yoast SEO v26.0) - https:\/\/yoast.com\/wordpress\/plugins\/seo\/ -->\n<title>La Aplicaci\u00f3n de Reclamaciones | Gesti\u00f3n Automatizada de Reclamaciones de Valores<\/title>\n<meta name=\"robots\" content=\"index, follow, max-snippet:-1, max-image-preview:large, max-video-preview:-1\" \/>\n<link rel=\"canonical\" href=\"https:\/\/www.exchange-data.com\/es\/producto\/the-claims-app\/\" \/>\n<meta property=\"og:locale\" content=\"es_ES\" \/>\n<meta property=\"og:type\" content=\"article\" \/>\n<meta property=\"og:title\" content=\"The Claims App\u2122 | Exchange Data International\" \/>\n<meta property=\"og:description\" content=\"Presentamos The Claims App\u2122: una soluci\u00f3n SaaS avanzada Optimiza y automatiza la gesti\u00f3n de reclamaciones colectivas con The Claims App\u2122, dise\u00f1ada para cubrir todo el ciclo operativo, desde la notificaci\u00f3n inicial hasta\" \/>\n<meta property=\"og:url\" content=\"https:\/\/www.exchange-data.com\/es\/producto\/the-claims-app\/\" \/>\n<meta property=\"og:site_name\" content=\"Exchange Data International\" \/>\n<meta property=\"article:modified_time\" content=\"2025-12-19T05:42:14+00:00\" \/>\n<meta name=\"twitter:card\" content=\"summary_large_image\" \/>\n<meta name=\"twitter:site\" content=\"@ExchangeData\" \/>\n<meta name=\"twitter:label1\" content=\"Tiempo de lectura\" \/>\n\t<meta name=\"twitter:data1\" content=\"1 minuto\" \/>\n<script type=\"application\/ld+json\" class=\"yoast-schema-graph\">{\"@context\":\"https:\/\/schema.org\",\"@graph\":[{\"@type\":\"WebPage\",\"@id\":\"https:\/\/www.exchange-data.com\/es\/producto\/the-claims-app\/\",\"url\":\"https:\/\/www.exchange-data.com\/es\/producto\/the-claims-app\/\",\"name\":\"La Aplicaci\u00f3n de Reclamaciones | Gesti\u00f3n Automatizada de Reclamaciones de Valores\",\"isPartOf\":{\"@id\":\"https:\/\/www.exchange-data.com\/es\/#website\"},\"datePublished\":\"2025-06-17T06:29:56+00:00\",\"dateModified\":\"2025-12-19T05:42:14+00:00\",\"breadcrumb\":{\"@id\":\"https:\/\/www.exchange-data.com\/es\/producto\/the-claims-app\/#breadcrumb\"},\"inLanguage\":\"es\",\"potentialAction\":[{\"@type\":\"ReadAction\",\"target\":[\"https:\/\/www.exchange-data.com\/es\/producto\/the-claims-app\/\"]}]},{\"@type\":\"BreadcrumbList\",\"@id\":\"https:\/\/www.exchange-data.com\/es\/producto\/the-claims-app\/#breadcrumb\",\"itemListElement\":[{\"@type\":\"ListItem\",\"position\":1,\"name\":\"Home\",\"item\":\"https:\/\/www.exchange-data.com\/es\/inicio\/\"},{\"@type\":\"ListItem\",\"position\":2,\"name\":\"The Claims App\u2122\"}]},{\"@type\":\"WebSite\",\"@id\":\"https:\/\/www.exchange-data.com\/es\/#website\",\"url\":\"https:\/\/www.exchange-data.com\/es\/\",\"name\":\"Exchange Data International\",\"description\":\"Doing data differently\",\"publisher\":{\"@id\":\"https:\/\/www.exchange-data.com\/es\/#organization\"},\"potentialAction\":[{\"@type\":\"SearchAction\",\"target\":{\"@type\":\"EntryPoint\",\"urlTemplate\":\"https:\/\/www.exchange-data.com\/es\/?s={search_term_string}\"},\"query-input\":{\"@type\":\"PropertyValueSpecification\",\"valueRequired\":true,\"valueName\":\"search_term_string\"}}],\"inLanguage\":\"es\"},{\"@type\":\"Organization\",\"@id\":\"https:\/\/www.exchange-data.com\/es\/#organization\",\"name\":\"Exchange Data International\",\"url\":\"https:\/\/www.exchange-data.com\/es\/\",\"logo\":{\"@type\":\"ImageObject\",\"inLanguage\":\"es\",\"@id\":\"https:\/\/www.exchange-data.com\/es\/#\/schema\/logo\/image\/\",\"url\":\"https:\/\/www.exchange-data.com\/wp-content\/uploads\/2019\/03\/logo3.png\",\"contentUrl\":\"https:\/\/www.exchange-data.com\/wp-content\/uploads\/2019\/03\/logo3.png\",\"width\":200,\"height\":80,\"caption\":\"Exchange Data International\"},\"image\":{\"@id\":\"https:\/\/www.exchange-data.com\/es\/#\/schema\/logo\/image\/\"},\"sameAs\":[\"https:\/\/x.com\/ExchangeData\",\"https:\/\/www.linkedin.com\/company\/exchange-data-international\/?viewAsMember=true\",\"https:\/\/www.youtube.com\/channel\/UC5D1OpUb22YZANRLD_Ktcgg?view_as=subscriber\"]}]}<\/script>\n<!-- \/ Yoast SEO Premium plugin. -->","yoast_head_json":{"title":"La Aplicaci\u00f3n de Reclamaciones | Gesti\u00f3n Automatizada de Reclamaciones de Valores","robots":{"index":"index","follow":"follow","max-snippet":"max-snippet:-1","max-image-preview":"max-image-preview:large","max-video-preview":"max-video-preview:-1"},"canonical":"https:\/\/www.exchange-data.com\/es\/producto\/the-claims-app\/","og_locale":"es_ES","og_type":"article","og_title":"The Claims App\u2122 | Exchange Data International","og_description":"Presentamos The Claims App\u2122: una soluci\u00f3n SaaS avanzada Optimiza y automatiza la gesti\u00f3n de reclamaciones colectivas con The Claims App\u2122, dise\u00f1ada para cubrir todo el ciclo operativo, desde la notificaci\u00f3n inicial hasta","og_url":"https:\/\/www.exchange-data.com\/es\/producto\/the-claims-app\/","og_site_name":"Exchange Data International","article_modified_time":"2025-12-19T05:42:14+00:00","twitter_card":"summary_large_image","twitter_site":"@ExchangeData","twitter_misc":{"Tiempo de lectura":"1 minuto"},"schema":{"@context":"https:\/\/schema.org","@graph":[{"@type":"WebPage","@id":"https:\/\/www.exchange-data.com\/es\/producto\/the-claims-app\/","url":"https:\/\/www.exchange-data.com\/es\/producto\/the-claims-app\/","name":"La Aplicaci\u00f3n de Reclamaciones | Gesti\u00f3n Automatizada de Reclamaciones de Valores","isPartOf":{"@id":"https:\/\/www.exchange-data.com\/es\/#website"},"datePublished":"2025-06-17T06:29:56+00:00","dateModified":"2025-12-19T05:42:14+00:00","breadcrumb":{"@id":"https:\/\/www.exchange-data.com\/es\/producto\/the-claims-app\/#breadcrumb"},"inLanguage":"es","potentialAction":[{"@type":"ReadAction","target":["https:\/\/www.exchange-data.com\/es\/producto\/the-claims-app\/"]}]},{"@type":"BreadcrumbList","@id":"https:\/\/www.exchange-data.com\/es\/producto\/the-claims-app\/#breadcrumb","itemListElement":[{"@type":"ListItem","position":1,"name":"Home","item":"https:\/\/www.exchange-data.com\/es\/inicio\/"},{"@type":"ListItem","position":2,"name":"The Claims App\u2122"}]},{"@type":"WebSite","@id":"https:\/\/www.exchange-data.com\/es\/#website","url":"https:\/\/www.exchange-data.com\/es\/","name":"Exchange Data International","description":"Doing data differently","publisher":{"@id":"https:\/\/www.exchange-data.com\/es\/#organization"},"potentialAction":[{"@type":"SearchAction","target":{"@type":"EntryPoint","urlTemplate":"https:\/\/www.exchange-data.com\/es\/?s={search_term_string}"},"query-input":{"@type":"PropertyValueSpecification","valueRequired":true,"valueName":"search_term_string"}}],"inLanguage":"es"},{"@type":"Organization","@id":"https:\/\/www.exchange-data.com\/es\/#organization","name":"Exchange Data International","url":"https:\/\/www.exchange-data.com\/es\/","logo":{"@type":"ImageObject","inLanguage":"es","@id":"https:\/\/www.exchange-data.com\/es\/#\/schema\/logo\/image\/","url":"https:\/\/www.exchange-data.com\/wp-content\/uploads\/2019\/03\/logo3.png","contentUrl":"https:\/\/www.exchange-data.com\/wp-content\/uploads\/2019\/03\/logo3.png","width":200,"height":80,"caption":"Exchange Data International"},"image":{"@id":"https:\/\/www.exchange-data.com\/es\/#\/schema\/logo\/image\/"},"sameAs":["https:\/\/x.com\/ExchangeData","https:\/\/www.linkedin.com\/company\/exchange-data-international\/?viewAsMember=true","https:\/\/www.youtube.com\/channel\/UC5D1OpUb22YZANRLD_Ktcgg?view_as=subscriber"]}]}},"_links":{"self":[{"href":"https:\/\/www.exchange-data.com\/es\/wp-json\/wp\/v2\/product\/36648","targetHints":{"allow":["GET"]}}],"collection":[{"href":"https:\/\/www.exchange-data.com\/es\/wp-json\/wp\/v2\/product"}],"about":[{"href":"https:\/\/www.exchange-data.com\/es\/wp-json\/wp\/v2\/types\/product"}],"wp:attachment":[{"href":"https:\/\/www.exchange-data.com\/es\/wp-json\/wp\/v2\/media?parent=36648"}],"wp:term":[{"taxonomy":"country","embeddable":true,"href":"https:\/\/www.exchange-data.com\/es\/wp-json\/wp\/v2\/country?post=36648"},{"taxonomy":"product_category","embeddable":true,"href":"https:\/\/www.exchange-data.com\/es\/wp-json\/wp\/v2\/product_category?post=36648"}],"curies":[{"name":"wp","href":"https:\/\/api.w.org\/{rel}","templated":true}]}}