{"id":36653,"date":"2025-07-17T10:25:51","date_gmt":"2025-07-17T09:25:51","guid":{"rendered":"https:\/\/www.exchange-data.com\/product\/curvas-de-rendimiento-globales\/"},"modified":"2025-07-17T10:25:51","modified_gmt":"2025-07-17T09:25:51","slug":"curvas-de-rendimiento-globales","status":"publish","type":"product","link":"https:\/\/www.exchange-data.com\/es\/producto\/curvas-de-rendimiento-globales\/","title":{"rendered":"Curvas de Rendimiento Globales"},"content":{"rendered":"<p><span style=\"font-weight: 400;\">En colaboraci\u00f3n con Securities Quote Xchange (SQX), EDI ofrece un servicio especializado en curvas de rendimiento globales, corporativas y municipales, adaptadas a las necesidades de cada cliente.<br \/>Este servicio proporciona datos auditables para decisiones cr\u00edticas de valoraci\u00f3n, gesti\u00f3n de riesgos y negociaci\u00f3n, incluyendo:<\/span><\/p>\n<p><span style=\"font-weight: 400;\">En colaboraci\u00f3n con Securities Quote Xchange (SQX), EDI ofrece un servicio especializado en curvas de rendimiento globales, corporativas y municipales, adaptadas a las necesidades de cada cliente.<\/span><\/p>\n<p><span style=\"font-weight: 400;\">Este servicio proporciona datos auditables para decisiones cr\u00edticas de valoraci\u00f3n, gesti\u00f3n de riesgos y negociaci\u00f3n, incluyendo: Cotizaciones bid\/ask sobre swaps de tipos de inter\u00e9s y de base, Rendimientos impl\u00edcitos de cup\u00f3n cero, Factores de descuento, Superficies de volatilidad de caps\/floors y swaptions<\/span><\/p>\n<h2><small>\u00bfPor qu\u00e9 elegir nuestras curvas de rendimiento?<\/small><\/h2>\n<p><strong>Cobertura global extensa<\/strong><\/p>\n<ul>\n<li><span style=\"font-weight: 400;\">Curvas soberanas de cup\u00f3n cero en m\u00e1s de 70 pa\u00edses<\/span><\/li>\n<li><span style=\"font-weight: 400;\">Curvas corporativas por categor\u00eda de cr\u00e9dito (AAA a CCC)<\/span><\/li>\n<li><span style=\"font-weight: 400;\">Curvas municipales basadas en transacciones reales, actualizadas por hora<\/span><\/li>\n<\/ul>\n<p><strong>Transparencia total<br \/><\/strong><\/p>\n<p><span style=\"font-weight: 400;\">Cada curva incluye: Lista de componentes, Cotizaciones bid\/ask, Notas de c\u00e1lculo detalladas.<\/span><\/p>\n<p><strong>Flexibilidad en la entrega<\/strong><\/p>\n<p><span style=\"font-weight: 400;\">Flexibilidad en la entrega Archivos diarios de fin de d\u00eda , Instant\u00e1neas horarias opcionales , Formatos disponibles: CSV, JSON, XML, Canales: SFTP seguro, API REST, nube privada.<\/span><\/p>\n<p><span style=\"font-weight: 400;\">Cobertura global de curvas de cup\u00f3n cero, desde vencimientos de un mes hasta bonos a largo plazo. Se incluyen frecuentemente vencimientos clave del mercado monetario (1, 3 y 6 meses). <\/span><\/p>\n<ul>\n<li><span style=\"font-weight: 400;\">Actualizaci\u00f3n diaria con refrescos intrad\u00eda disponibles<\/span><\/li>\n<li><span style=\"font-weight: 400;\">Soporte para m\u00faltiples metodolog\u00edas de descuento: IBOR, OIS y RFR<\/span><\/li>\n<li><span style=\"font-weight: 400;\">Incluye cotizaciones bid\/ask, rendimientos cup\u00f3n cero y factores de descuento<\/span><\/li>\n<\/ul>\n<h3>Aspectos destacados del conjunto de datos<\/h3>\n<table style=\"font-family: Quicksand; border-collapse: collapse; width: 100%;\">\n<tbody>\n<tr>\n<td>Curve Type<\/td>\n<td>Maturities<\/td>\n<td>Update Frequency<\/td>\n<td>Key Extras<\/td>\n<\/tr>\n<tr>\n<td>Soberana<\/td>\n<td>\n  <span style=\"font-weight: 400;\">1 mes a 50 a\u00f1os<\/span>\n<\/td>\n<td>\n  <span style=\"font-weight: 400;\">Diaria (opcional intrad\u00eda)<\/span>\n<\/td>\n<td>\n  <span style=\"font-weight: 400;\">Cotizaciones bid\/ask <\/span>\n<\/td>\n<\/tr>\n<tr>\n<td>Corporativa<\/td>\n<td>\n  <span style=\"font-weight: 400;\">AAA a CCC <\/span>\n<\/td>\n<td>\n  <span style=\"font-weight: 400;\">Diaria <\/span>\n<\/td>\n<td>\n  <span style=\"font-weight: 400;\">Componentes y pesos<\/span>\n<\/td>\n<\/tr>\n<tr>\n<td>Municipal<\/td>\n<td>\n  <span style=\"font-weight: 400;\">Basadas en transacciones<\/span>\n<\/td>\n<td>\n  <span style=\"font-weight: 400;\">Cada hora <\/span>\n<\/td>\n<td>\n  <span style=\"font-weight: 400;\">Metodolog\u00eda transparente<\/span>\n<\/td>\n<\/tr>\n<\/tbody>\n<\/table>\n<p><strong>Entregables adicionales:<\/strong><\/p>\n<ul>\n<li><span style=\"font-weight: 400;\">Datos bid\/ask de swaps de tipo de inter\u00e9s y de base<\/span><\/li>\n<li><span style=\"font-weight: 400;\">Rendimientos cup\u00f3n cero impl\u00edcitos y factores de descuento<\/span><\/li>\n<li><span style=\"font-weight: 400;\">Superficies de volatilidad de caps\/floors y swaptions<\/span><\/li>\n<\/ul>\n<h2><small>Curvas de rendimiento corporativas<\/small><\/h2>\n<p><span style=\"font-weight: 400;\">Toma decisiones informadas con curvas diarias que cubren calificaciones desde AAA hasta CCC.<\/span><\/p>\n<p><span style=\"font-weight: 400;\">Incluyen desglose transparente de componentes, permitiendo entender su construcci\u00f3n y qu\u00e9 empresas forman parte.<\/span><\/p>\n<h2><small>Curvas de rendimiento municipales<\/small><\/h2>\n<p><span style=\"font-weight: 400;\">Curvas basadas en datos reales de mercado que cubren el mercado estadounidense. Frente a los modelos opacos tradicionales, nuestras curvas usan metodolog\u00edas basadas en datos y se actualizan por hora para ofrecer m\u00e1xima fiabilidad. <\/span><\/p>\n<h2><small>Curvas de rendimiento globales<\/small><\/h2>\n<p><span style=\"font-weight: 400;\">Cobertura mundial actualizada con datos de 70 pa\u00edses. Incluyen toda la curva desde un mes hasta bonos a largo plazo, incluyendo vencimientos clave del mercado monetario. Ah\u00f3rrate horas de recopilaci\u00f3n de datos con una fuente consolidada y precisa.    <\/span><\/p>\n<h3>Preguntas frecuentes<\/h3>\n<p><strong>\u00bfCu\u00e1ntos mercados cubre el servicio?<br \/><\/strong><br \/>\n<span style=\"font-weight: 400;\">M\u00e1s de 70 pa\u00edses con curvas soberanas, corporativas y municipales.Sovereign zero\u2011coupon curves for 70+ countries, plus corporate and municipal curves for major issuing regions.<\/span><\/p>\n<p><strong>\u00bfCon qu\u00e9 frecuencia se actualizan los datos?<\/strong><br \/>\n<span style=\"font-weight: 400;\">Curvas soberanas y corporativas: diarias (con opci\u00f3n intrad\u00eda)<br \/>Curvas municipales: cada hora<\/span><\/p>\n<p><strong>\u00bfQu\u00e9 metodolog\u00edas de descuento se admiten?<\/strong><br \/>\n<span style=\"font-weight: 400;\">IBOR, OIS y RFR.<\/span><\/p>\n<p><strong>\u00bfSe puede acceder a datos hist\u00f3ricos?<\/strong><br \/>\n<span style=\"font-weight: 400;\">S\u00ed, desde 2010 o incluso antes en algunos mercados. <\/span><\/p>\n<p><strong>\u00bfC\u00f3mo se entrega la informaci\u00f3n?<\/strong><br \/>\n<span style=\"font-weight: 400;\">En formatos CSV, JSON o XML, v\u00eda SFTP seguro, API REST o nube privada.<\/span><\/p>\n<p><strong>\u00bfQu\u00e9 tan transparente es la metodolog\u00eda?<\/strong><br \/>\n<span style=\"font-weight: 400;\">Cada curva incluye sus componentes, cotizaciones bid\/ask y notas de c\u00e1lculo.<\/span><\/p>\n<p><strong>\u00bfC\u00f3mo puedo evaluar el servicio?<br \/><\/strong><br \/>\n<span style=\"font-weight: 400;\">Solicite una prueba gratuita, archivos de muestra y asistencia de integraci\u00f3n en un plazo de un d\u00eda h\u00e1bil.<\/span><\/p>\n","protected":false},"featured_media":0,"template":"","country":[],"product_category":[3179,3178],"class_list":["post-36653","product","type-product","status-publish","hentry","product_category-precios","product_category-productos-y-servicios","no-post-thumbnail"],"acf":[],"yoast_head":"<!-- This site is optimized with the Yoast SEO Premium plugin v26.0 (Yoast SEO v26.0) - https:\/\/yoast.com\/wordpress\/plugins\/seo\/ -->\n<title>Curvas de Rendimiento Globales | Exchange Data International<\/title>\n<meta name=\"robots\" content=\"index, follow, max-snippet:-1, max-image-preview:large, max-video-preview:-1\" \/>\n<link rel=\"canonical\" href=\"https:\/\/www.exchange-data.com\/es\/producto\/curvas-de-rendimiento-globales\/\" \/>\n<meta property=\"og:locale\" content=\"es_ES\" \/>\n<meta property=\"og:type\" content=\"article\" \/>\n<meta property=\"og:title\" content=\"Curvas de Rendimiento Globales | Exchange Data International\" \/>\n<meta property=\"og:description\" content=\"En colaboraci\u00f3n con Securities Quote Xchange (SQX), EDI ofrece un servicio especializado en curvas de rendimiento globales, corporativas y municipales, adaptadas a las necesidades de cada cliente.Este servicio proporciona datos auditables para\" \/>\n<meta property=\"og:url\" content=\"https:\/\/www.exchange-data.com\/es\/producto\/curvas-de-rendimiento-globales\/\" \/>\n<meta property=\"og:site_name\" content=\"Exchange Data International\" \/>\n<meta name=\"twitter:card\" content=\"summary_large_image\" \/>\n<meta name=\"twitter:site\" content=\"@ExchangeData\" \/>\n<meta name=\"twitter:label1\" content=\"Tiempo de lectura\" \/>\n\t<meta name=\"twitter:data1\" content=\"3 minutos\" \/>\n<script type=\"application\/ld+json\" class=\"yoast-schema-graph\">{\"@context\":\"https:\/\/schema.org\",\"@graph\":[{\"@type\":\"WebPage\",\"@id\":\"https:\/\/www.exchange-data.com\/es\/producto\/curvas-de-rendimiento-globales\/\",\"url\":\"https:\/\/www.exchange-data.com\/es\/producto\/curvas-de-rendimiento-globales\/\",\"name\":\"Curvas de Rendimiento Globales | Exchange Data International\",\"isPartOf\":{\"@id\":\"https:\/\/www.exchange-data.com\/es\/#website\"},\"datePublished\":\"2025-07-17T09:25:51+00:00\",\"breadcrumb\":{\"@id\":\"https:\/\/www.exchange-data.com\/es\/producto\/curvas-de-rendimiento-globales\/#breadcrumb\"},\"inLanguage\":\"es\",\"potentialAction\":[{\"@type\":\"ReadAction\",\"target\":[\"https:\/\/www.exchange-data.com\/es\/producto\/curvas-de-rendimiento-globales\/\"]}]},{\"@type\":\"BreadcrumbList\",\"@id\":\"https:\/\/www.exchange-data.com\/es\/producto\/curvas-de-rendimiento-globales\/#breadcrumb\",\"itemListElement\":[{\"@type\":\"ListItem\",\"position\":1,\"name\":\"Home\",\"item\":\"https:\/\/www.exchange-data.com\/es\/inicio\/\"},{\"@type\":\"ListItem\",\"position\":2,\"name\":\"Curvas de Rendimiento Globales\"}]},{\"@type\":\"WebSite\",\"@id\":\"https:\/\/www.exchange-data.com\/es\/#website\",\"url\":\"https:\/\/www.exchange-data.com\/es\/\",\"name\":\"Exchange Data International\",\"description\":\"Doing data differently\",\"publisher\":{\"@id\":\"https:\/\/www.exchange-data.com\/es\/#organization\"},\"potentialAction\":[{\"@type\":\"SearchAction\",\"target\":{\"@type\":\"EntryPoint\",\"urlTemplate\":\"https:\/\/www.exchange-data.com\/es\/?s={search_term_string}\"},\"query-input\":{\"@type\":\"PropertyValueSpecification\",\"valueRequired\":true,\"valueName\":\"search_term_string\"}}],\"inLanguage\":\"es\"},{\"@type\":\"Organization\",\"@id\":\"https:\/\/www.exchange-data.com\/es\/#organization\",\"name\":\"Exchange Data International\",\"url\":\"https:\/\/www.exchange-data.com\/es\/\",\"logo\":{\"@type\":\"ImageObject\",\"inLanguage\":\"es\",\"@id\":\"https:\/\/www.exchange-data.com\/es\/#\/schema\/logo\/image\/\",\"url\":\"https:\/\/www.exchange-data.com\/wp-content\/uploads\/2019\/03\/logo3.png\",\"contentUrl\":\"https:\/\/www.exchange-data.com\/wp-content\/uploads\/2019\/03\/logo3.png\",\"width\":200,\"height\":80,\"caption\":\"Exchange Data International\"},\"image\":{\"@id\":\"https:\/\/www.exchange-data.com\/es\/#\/schema\/logo\/image\/\"},\"sameAs\":[\"https:\/\/x.com\/ExchangeData\",\"https:\/\/www.linkedin.com\/company\/exchange-data-international\/?viewAsMember=true\",\"https:\/\/www.youtube.com\/channel\/UC5D1OpUb22YZANRLD_Ktcgg?view_as=subscriber\"]}]}<\/script>\n<!-- \/ Yoast SEO Premium plugin. -->","yoast_head_json":{"title":"Curvas de Rendimiento Globales | Exchange Data International","robots":{"index":"index","follow":"follow","max-snippet":"max-snippet:-1","max-image-preview":"max-image-preview:large","max-video-preview":"max-video-preview:-1"},"canonical":"https:\/\/www.exchange-data.com\/es\/producto\/curvas-de-rendimiento-globales\/","og_locale":"es_ES","og_type":"article","og_title":"Curvas de Rendimiento Globales | Exchange Data International","og_description":"En colaboraci\u00f3n con Securities Quote Xchange (SQX), EDI ofrece un servicio especializado en curvas de rendimiento globales, corporativas y municipales, adaptadas a las necesidades de cada cliente.Este servicio proporciona datos auditables para","og_url":"https:\/\/www.exchange-data.com\/es\/producto\/curvas-de-rendimiento-globales\/","og_site_name":"Exchange Data International","twitter_card":"summary_large_image","twitter_site":"@ExchangeData","twitter_misc":{"Tiempo de lectura":"3 minutos"},"schema":{"@context":"https:\/\/schema.org","@graph":[{"@type":"WebPage","@id":"https:\/\/www.exchange-data.com\/es\/producto\/curvas-de-rendimiento-globales\/","url":"https:\/\/www.exchange-data.com\/es\/producto\/curvas-de-rendimiento-globales\/","name":"Curvas de Rendimiento Globales | Exchange Data International","isPartOf":{"@id":"https:\/\/www.exchange-data.com\/es\/#website"},"datePublished":"2025-07-17T09:25:51+00:00","breadcrumb":{"@id":"https:\/\/www.exchange-data.com\/es\/producto\/curvas-de-rendimiento-globales\/#breadcrumb"},"inLanguage":"es","potentialAction":[{"@type":"ReadAction","target":["https:\/\/www.exchange-data.com\/es\/producto\/curvas-de-rendimiento-globales\/"]}]},{"@type":"BreadcrumbList","@id":"https:\/\/www.exchange-data.com\/es\/producto\/curvas-de-rendimiento-globales\/#breadcrumb","itemListElement":[{"@type":"ListItem","position":1,"name":"Home","item":"https:\/\/www.exchange-data.com\/es\/inicio\/"},{"@type":"ListItem","position":2,"name":"Curvas de Rendimiento Globales"}]},{"@type":"WebSite","@id":"https:\/\/www.exchange-data.com\/es\/#website","url":"https:\/\/www.exchange-data.com\/es\/","name":"Exchange Data International","description":"Doing data differently","publisher":{"@id":"https:\/\/www.exchange-data.com\/es\/#organization"},"potentialAction":[{"@type":"SearchAction","target":{"@type":"EntryPoint","urlTemplate":"https:\/\/www.exchange-data.com\/es\/?s={search_term_string}"},"query-input":{"@type":"PropertyValueSpecification","valueRequired":true,"valueName":"search_term_string"}}],"inLanguage":"es"},{"@type":"Organization","@id":"https:\/\/www.exchange-data.com\/es\/#organization","name":"Exchange Data International","url":"https:\/\/www.exchange-data.com\/es\/","logo":{"@type":"ImageObject","inLanguage":"es","@id":"https:\/\/www.exchange-data.com\/es\/#\/schema\/logo\/image\/","url":"https:\/\/www.exchange-data.com\/wp-content\/uploads\/2019\/03\/logo3.png","contentUrl":"https:\/\/www.exchange-data.com\/wp-content\/uploads\/2019\/03\/logo3.png","width":200,"height":80,"caption":"Exchange Data International"},"image":{"@id":"https:\/\/www.exchange-data.com\/es\/#\/schema\/logo\/image\/"},"sameAs":["https:\/\/x.com\/ExchangeData","https:\/\/www.linkedin.com\/company\/exchange-data-international\/?viewAsMember=true","https:\/\/www.youtube.com\/channel\/UC5D1OpUb22YZANRLD_Ktcgg?view_as=subscriber"]}]}},"_links":{"self":[{"href":"https:\/\/www.exchange-data.com\/es\/wp-json\/wp\/v2\/product\/36653","targetHints":{"allow":["GET"]}}],"collection":[{"href":"https:\/\/www.exchange-data.com\/es\/wp-json\/wp\/v2\/product"}],"about":[{"href":"https:\/\/www.exchange-data.com\/es\/wp-json\/wp\/v2\/types\/product"}],"wp:attachment":[{"href":"https:\/\/www.exchange-data.com\/es\/wp-json\/wp\/v2\/media?parent=36653"}],"wp:term":[{"taxonomy":"country","embeddable":true,"href":"https:\/\/www.exchange-data.com\/es\/wp-json\/wp\/v2\/country?post=36653"},{"taxonomy":"product_category","embeddable":true,"href":"https:\/\/www.exchange-data.com\/es\/wp-json\/wp\/v2\/product_category?post=36653"}],"curies":[{"name":"wp","href":"https:\/\/api.w.org\/{rel}","templated":true}]}}