{"id":36671,"date":"2025-07-08T13:32:56","date_gmt":"2025-07-08T12:32:56","guid":{"rendered":"https:\/\/www.exchange-data.com\/product\/estadisticas-griegas-globales\/"},"modified":"2025-12-19T07:07:20","modified_gmt":"2025-12-19T06:07:20","slug":"estadisticas-griegas-globales","status":"publish","type":"product","link":"https:\/\/www.exchange-data.com\/es\/producto\/estadisticas-griegas-globales\/","title":{"rendered":"Estad\u00edsticas Griegas Globales"},"content":{"rendered":"<p><span style=\"font-weight: 400;\"><strong>Estad\u00edsticas de Griegas Globales &#8211; Worldwide Greeks<\/strong> es una soluci\u00f3n de datos desarrollada conjuntamente por Exchange Data International y <a href=\"https:\/\/www.exchange-data.com\/partners\/symbol-master-inc\/\">Symbol Master Inc. (SMI)<\/a>, basada en un enfoque unificado por archivo y un c\u00f3digo propietario desarrollado por SMI. El conjunto de datos proporciona valores reales de mercado, calculados principalmente mediante volatilidad impl\u00edcita. <\/span><\/p>\n<p>&nbsp;<\/p>\n<h2>Caracter\u00edsticas clave de Worldwide Greeks<\/h2>\n<p>&nbsp;<\/p>\n<ul>\n<li><strong>Sin suposiciones sobre la superficie de volatilidad<\/strong><br \/>\n<span style=\"font-weight: 400;\">Cada strike de opci\u00f3n se eval\u00faa de forma independiente, sin imponer curvas continuas ni restricciones de arbitraje. El modelo evita ajustes te\u00f3ricos macro y refleja fielmente la visi\u00f3n del mercado. <\/span><\/li>\n<li><strong>Claridad mediante transparencia operativa<\/strong><br \/>\n<span style=\"font-weight: 400;\">Cuando no se puede generar un valor derivado, el sistema incluye una columna de \u201cMotivo\u201d que explica la raz\u00f3n, normalmente atribuida a violaciones matem\u00e1ticas o condiciones de mercado que invalidan el c\u00e1lculo.  <\/span><\/li>\n<li><strong>Cinco mensajes de advertencia definidos<\/strong><br \/>\n<span style=\"font-weight: 400;\">Se utilizan cinco mensajes estandarizados para indicar por qu\u00e9 no se gener\u00f3 un resultado, lo que facilita la interpretaci\u00f3n y refuerza la integridad program\u00e1tica del modelo. <\/span><\/li>\n<li><strong>Dise\u00f1ado para ofrecer se\u00f1al, no ruido<\/strong><br \/>\n<span style=\"font-weight: 400;\">El conjunto de datos est\u00e1 optimizado para resaltar informaci\u00f3n \u00fatil, ayudando a identificar liquidez, eficiencias de precios y \u00e1reas con ineficiencias de valoraci\u00f3n <\/span><\/li>\n<\/ul>\n<h3>Activos cubiertos<\/h3>\n<ul>\n<li>Opciones sobre acciones<\/li>\n<li>Opciones sobre \u00edndices burs\u00e1tiles<\/li>\n<\/ul>\n<h4>Casos de uso de Worldwide Greeks<\/h4>\n<p><span style=\"font-weight: 400;\">Ideal para usuarios cuantitativos que necesitan comprender las condiciones reales de liquidez y del mercado sin suposiciones que alteren los datos.<\/span><\/p>\n<h3>Cobertura de Worldwide Greeks<\/h3>\n<ul>\n<li><span style=\"font-weight: 400;\">21 pa\u00edses, incluyendo Estados Unidos<\/span><\/li>\n<li><span style=\"font-weight: 400;\">Pa\u00edses del G7 y mercados emergentes<\/span><\/li>\n<li><span style=\"font-weight: 400;\">Posibilidad de incorporar mercados adicionales mediante revisi\u00f3n con SMI<\/span><\/li>\n<\/ul>\n","protected":false},"featured_media":0,"template":"","country":[],"product_category":[3183],"class_list":["post-36671","product","type-product","status-publish","hentry","product_category-datos-sobre-derivados-e-intereses-en-corto-productos-y-servicios","no-post-thumbnail"],"acf":[],"yoast_head":"<!-- This site is optimized with the Yoast SEO Premium plugin v26.0 (Yoast SEO v26.0) - https:\/\/yoast.com\/wordpress\/plugins\/seo\/ -->\n<title>Griegas a Nivel Mundial \u2013 Datos Globales de Griegas de Opciones y Volatilidad Impl\u00edcita<\/title>\n<meta name=\"description\" content=\"Acceda a datos transparentes y reales de griegas e impl\u00edcita volatilidad para opciones sobre acciones e \u00edndices en 21 mercados globales. Ideal para investigaci\u00f3n cuantitativa, trading y an\u00e1lisis de riesgos.\" \/>\n<meta name=\"robots\" content=\"index, follow, max-snippet:-1, max-image-preview:large, max-video-preview:-1\" \/>\n<link rel=\"canonical\" href=\"https:\/\/www.exchange-data.com\/es\/producto\/estadisticas-griegas-globales\/\" \/>\n<meta property=\"og:locale\" content=\"es_ES\" \/>\n<meta property=\"og:type\" content=\"article\" \/>\n<meta property=\"og:title\" content=\"Estad\u00edsticas Griegas Globales | Exchange Data International\" \/>\n<meta property=\"og:description\" content=\"Acceda a datos transparentes y reales de griegas e impl\u00edcita volatilidad para opciones sobre acciones e \u00edndices en 21 mercados globales. Ideal para investigaci\u00f3n cuantitativa, trading y an\u00e1lisis de riesgos.\" \/>\n<meta property=\"og:url\" content=\"https:\/\/www.exchange-data.com\/es\/producto\/estadisticas-griegas-globales\/\" \/>\n<meta property=\"og:site_name\" content=\"Exchange Data International\" \/>\n<meta property=\"article:modified_time\" content=\"2025-12-19T06:07:20+00:00\" \/>\n<meta name=\"twitter:card\" content=\"summary_large_image\" \/>\n<meta name=\"twitter:site\" content=\"@ExchangeData\" \/>\n<meta name=\"twitter:label1\" content=\"Tiempo de lectura\" \/>\n\t<meta name=\"twitter:data1\" content=\"1 minuto\" \/>\n<script type=\"application\/ld+json\" class=\"yoast-schema-graph\">{\"@context\":\"https:\/\/schema.org\",\"@graph\":[{\"@type\":\"WebPage\",\"@id\":\"https:\/\/www.exchange-data.com\/es\/producto\/estadisticas-griegas-globales\/\",\"url\":\"https:\/\/www.exchange-data.com\/es\/producto\/estadisticas-griegas-globales\/\",\"name\":\"Griegas a Nivel Mundial \u2013 Datos Globales de Griegas de Opciones y Volatilidad Impl\u00edcita\",\"isPartOf\":{\"@id\":\"https:\/\/www.exchange-data.com\/es\/#website\"},\"datePublished\":\"2025-07-08T12:32:56+00:00\",\"dateModified\":\"2025-12-19T06:07:20+00:00\",\"description\":\"Acceda a datos transparentes y reales de griegas e impl\u00edcita volatilidad para opciones sobre acciones e \u00edndices en 21 mercados globales. Ideal para investigaci\u00f3n cuantitativa, trading y an\u00e1lisis de riesgos.\",\"breadcrumb\":{\"@id\":\"https:\/\/www.exchange-data.com\/es\/producto\/estadisticas-griegas-globales\/#breadcrumb\"},\"inLanguage\":\"es\",\"potentialAction\":[{\"@type\":\"ReadAction\",\"target\":[\"https:\/\/www.exchange-data.com\/es\/producto\/estadisticas-griegas-globales\/\"]}]},{\"@type\":\"BreadcrumbList\",\"@id\":\"https:\/\/www.exchange-data.com\/es\/producto\/estadisticas-griegas-globales\/#breadcrumb\",\"itemListElement\":[{\"@type\":\"ListItem\",\"position\":1,\"name\":\"Home\",\"item\":\"https:\/\/www.exchange-data.com\/es\/inicio\/\"},{\"@type\":\"ListItem\",\"position\":2,\"name\":\"Estad\u00edsticas Griegas Globales\"}]},{\"@type\":\"WebSite\",\"@id\":\"https:\/\/www.exchange-data.com\/es\/#website\",\"url\":\"https:\/\/www.exchange-data.com\/es\/\",\"name\":\"Exchange Data International\",\"description\":\"Doing data differently\",\"publisher\":{\"@id\":\"https:\/\/www.exchange-data.com\/es\/#organization\"},\"potentialAction\":[{\"@type\":\"SearchAction\",\"target\":{\"@type\":\"EntryPoint\",\"urlTemplate\":\"https:\/\/www.exchange-data.com\/es\/?s={search_term_string}\"},\"query-input\":{\"@type\":\"PropertyValueSpecification\",\"valueRequired\":true,\"valueName\":\"search_term_string\"}}],\"inLanguage\":\"es\"},{\"@type\":\"Organization\",\"@id\":\"https:\/\/www.exchange-data.com\/es\/#organization\",\"name\":\"Exchange Data International\",\"url\":\"https:\/\/www.exchange-data.com\/es\/\",\"logo\":{\"@type\":\"ImageObject\",\"inLanguage\":\"es\",\"@id\":\"https:\/\/www.exchange-data.com\/es\/#\/schema\/logo\/image\/\",\"url\":\"https:\/\/www.exchange-data.com\/wp-content\/uploads\/2019\/03\/logo3.png\",\"contentUrl\":\"https:\/\/www.exchange-data.com\/wp-content\/uploads\/2019\/03\/logo3.png\",\"width\":200,\"height\":80,\"caption\":\"Exchange Data International\"},\"image\":{\"@id\":\"https:\/\/www.exchange-data.com\/es\/#\/schema\/logo\/image\/\"},\"sameAs\":[\"https:\/\/x.com\/ExchangeData\",\"https:\/\/www.linkedin.com\/company\/exchange-data-international\/?viewAsMember=true\",\"https:\/\/www.youtube.com\/channel\/UC5D1OpUb22YZANRLD_Ktcgg?view_as=subscriber\"]}]}<\/script>\n<!-- \/ Yoast SEO Premium plugin. -->","yoast_head_json":{"title":"Griegas a Nivel Mundial \u2013 Datos Globales de Griegas de Opciones y Volatilidad Impl\u00edcita","description":"Acceda a datos transparentes y reales de griegas e impl\u00edcita volatilidad para opciones sobre acciones e \u00edndices en 21 mercados globales. Ideal para investigaci\u00f3n cuantitativa, trading y an\u00e1lisis de riesgos.","robots":{"index":"index","follow":"follow","max-snippet":"max-snippet:-1","max-image-preview":"max-image-preview:large","max-video-preview":"max-video-preview:-1"},"canonical":"https:\/\/www.exchange-data.com\/es\/producto\/estadisticas-griegas-globales\/","og_locale":"es_ES","og_type":"article","og_title":"Estad\u00edsticas Griegas Globales | Exchange Data International","og_description":"Acceda a datos transparentes y reales de griegas e impl\u00edcita volatilidad para opciones sobre acciones e \u00edndices en 21 mercados globales. Ideal para investigaci\u00f3n cuantitativa, trading y an\u00e1lisis de riesgos.","og_url":"https:\/\/www.exchange-data.com\/es\/producto\/estadisticas-griegas-globales\/","og_site_name":"Exchange Data International","article_modified_time":"2025-12-19T06:07:20+00:00","twitter_card":"summary_large_image","twitter_site":"@ExchangeData","twitter_misc":{"Tiempo de lectura":"1 minuto"},"schema":{"@context":"https:\/\/schema.org","@graph":[{"@type":"WebPage","@id":"https:\/\/www.exchange-data.com\/es\/producto\/estadisticas-griegas-globales\/","url":"https:\/\/www.exchange-data.com\/es\/producto\/estadisticas-griegas-globales\/","name":"Griegas a Nivel Mundial \u2013 Datos Globales de Griegas de Opciones y Volatilidad Impl\u00edcita","isPartOf":{"@id":"https:\/\/www.exchange-data.com\/es\/#website"},"datePublished":"2025-07-08T12:32:56+00:00","dateModified":"2025-12-19T06:07:20+00:00","description":"Acceda a datos transparentes y reales de griegas e impl\u00edcita volatilidad para opciones sobre acciones e \u00edndices en 21 mercados globales. Ideal para investigaci\u00f3n cuantitativa, trading y an\u00e1lisis de riesgos.","breadcrumb":{"@id":"https:\/\/www.exchange-data.com\/es\/producto\/estadisticas-griegas-globales\/#breadcrumb"},"inLanguage":"es","potentialAction":[{"@type":"ReadAction","target":["https:\/\/www.exchange-data.com\/es\/producto\/estadisticas-griegas-globales\/"]}]},{"@type":"BreadcrumbList","@id":"https:\/\/www.exchange-data.com\/es\/producto\/estadisticas-griegas-globales\/#breadcrumb","itemListElement":[{"@type":"ListItem","position":1,"name":"Home","item":"https:\/\/www.exchange-data.com\/es\/inicio\/"},{"@type":"ListItem","position":2,"name":"Estad\u00edsticas Griegas Globales"}]},{"@type":"WebSite","@id":"https:\/\/www.exchange-data.com\/es\/#website","url":"https:\/\/www.exchange-data.com\/es\/","name":"Exchange Data International","description":"Doing data differently","publisher":{"@id":"https:\/\/www.exchange-data.com\/es\/#organization"},"potentialAction":[{"@type":"SearchAction","target":{"@type":"EntryPoint","urlTemplate":"https:\/\/www.exchange-data.com\/es\/?s={search_term_string}"},"query-input":{"@type":"PropertyValueSpecification","valueRequired":true,"valueName":"search_term_string"}}],"inLanguage":"es"},{"@type":"Organization","@id":"https:\/\/www.exchange-data.com\/es\/#organization","name":"Exchange Data International","url":"https:\/\/www.exchange-data.com\/es\/","logo":{"@type":"ImageObject","inLanguage":"es","@id":"https:\/\/www.exchange-data.com\/es\/#\/schema\/logo\/image\/","url":"https:\/\/www.exchange-data.com\/wp-content\/uploads\/2019\/03\/logo3.png","contentUrl":"https:\/\/www.exchange-data.com\/wp-content\/uploads\/2019\/03\/logo3.png","width":200,"height":80,"caption":"Exchange Data International"},"image":{"@id":"https:\/\/www.exchange-data.com\/es\/#\/schema\/logo\/image\/"},"sameAs":["https:\/\/x.com\/ExchangeData","https:\/\/www.linkedin.com\/company\/exchange-data-international\/?viewAsMember=true","https:\/\/www.youtube.com\/channel\/UC5D1OpUb22YZANRLD_Ktcgg?view_as=subscriber"]}]}},"_links":{"self":[{"href":"https:\/\/www.exchange-data.com\/es\/wp-json\/wp\/v2\/product\/36671","targetHints":{"allow":["GET"]}}],"collection":[{"href":"https:\/\/www.exchange-data.com\/es\/wp-json\/wp\/v2\/product"}],"about":[{"href":"https:\/\/www.exchange-data.com\/es\/wp-json\/wp\/v2\/types\/product"}],"wp:attachment":[{"href":"https:\/\/www.exchange-data.com\/es\/wp-json\/wp\/v2\/media?parent=36671"}],"wp:term":[{"taxonomy":"country","embeddable":true,"href":"https:\/\/www.exchange-data.com\/es\/wp-json\/wp\/v2\/country?post=36671"},{"taxonomy":"product_category","embeddable":true,"href":"https:\/\/www.exchange-data.com\/es\/wp-json\/wp\/v2\/product_category?post=36671"}],"curies":[{"name":"wp","href":"https:\/\/api.w.org\/{rel}","templated":true}]}}